{"id":3609,"date":"2014-03-06T11:22:41","date_gmt":"2014-03-06T10:22:41","guid":{"rendered":"http:\/\/thalia.fh-erfurt.de\/zfq\/lehrkonzepte\/option\/?page_id=3609"},"modified":"2025-09-23T16:15:31","modified_gmt":"2025-09-23T15:15:31","slug":"vorhaben-qualitaet-der-lehre-staerken","status":"publish","type":"page","link":"https:\/\/www.eteach-thueringen.de\/gpp\/vorhaben-qualitaet-der-lehre-staerken\/","title":{"rendered":"\u00dcber das Projekt"},"content":{"rendered":"\t\t<div data-elementor-type=\"wp-page\" data-elementor-id=\"3609\" class=\"elementor elementor-3609\" data-elementor-post-type=\"page\">\n\t\t\t\t<div class=\"elementor-element elementor-element-5b9bb3b e-flex e-con-boxed e-con e-parent\" data-id=\"5b9bb3b\" data-element_type=\"container\" data-e-type=\"container\" data-settings=\"{&quot;background_background&quot;:&quot;classic&quot;}\">\n\t\t\t\t\t<div class=\"e-con-inner\">\n\t\t<div class=\"elementor-element elementor-element-9836dad e-con-full e-flex e-con e-child\" data-id=\"9836dad\" data-element_type=\"container\" data-e-type=\"container\">\n\t\t\t\t<div class=\"elementor-element elementor-element-f979cc7 elementor-widget elementor-widget-heading\" data-id=\"f979cc7\" data-element_type=\"widget\" data-e-type=\"widget\" data-widget_type=\"heading.default\">\n\t\t\t\t<div class=\"elementor-widget-container\">\n\t\t\t\t\t<h1 class=\"elementor-heading-title elementor-size-default\">Die Good Practice Platform Th\u00fcringen<\/h1>\t\t\t\t<\/div>\n\t\t\t\t<\/div>\n\t\t\t\t<div class=\"elementor-element elementor-element-3dee02b elementor-widget-divider--view-line elementor-widget elementor-widget-divider\" data-id=\"3dee02b\" data-element_type=\"widget\" data-e-type=\"widget\" data-widget_type=\"divider.default\">\n\t\t\t\t<div class=\"elementor-widget-container\">\n\t\t\t\t\t\t\t<div class=\"elementor-divider\">\n\t\t\t<span class=\"elementor-divider-separator\">\n\t\t\t\t\t\t<\/span>\n\t\t<\/div>\n\t\t\t\t\t\t<\/div>\n\t\t\t\t<\/div>\n\t\t\t\t<div class=\"elementor-element elementor-element-95ed6ea elementor-widget__width-initial elementor-widget elementor-widget-text-editor\" data-id=\"95ed6ea\" data-element_type=\"widget\" data-e-type=\"widget\" data-widget_type=\"text-editor.default\">\n\t\t\t\t<div class=\"elementor-widget-container\">\n\t\t\t\t\t\t\t\t\tDie Good Practice Platform Th\u00fcringen ist eine Initiative des eTeach-Netzwerks Th\u00fcringen, das sich der F\u00f6rderung und Begleitung der digitalen Transformation in der Lehre widmet. Als Teil unserer umfassenden Unterst\u00fctzungsangebote bietet die Plattform Lehrenden an Th\u00fcringer Hochschulen Gelegenheit, bew\u00e4hrte Praktiken, kreative Ideen und wertvolle Erfahrungen in der digitalen Lehre auszutauschen. Sie dient als virtueller Raum, der den Dialog und die Vernetzung zwischen Lehrenden \u00fcber die Grenzen eigener Hochschulen hinaus f\u00f6rdert.<\/p>\nZiel ist es, die gesammelte Expertise und die vielf\u00e4ltigen Erfahrungen in der digitalen Lehre zug\u00e4nglich zu machen und nachhaltig zu nutzen. Indem Sie sich aktiv einbringen, tragen Sie dazu bei, diese Plattform zu einem dynamischen Ort des Austauschs und der Inspiration zu machen.\t\t\t\t\t\t\t\t<\/div>\n\t\t\t\t<\/div>\n\t\t\t\t<\/div>\n\t\t<div class=\"elementor-element elementor-element-e4e03c9 e-flex e-con-boxed e-con e-child\" data-id=\"e4e03c9\" data-element_type=\"container\" data-e-type=\"container\">\n\t\t\t\t\t<div class=\"e-con-inner\">\n\t\t\t\t<div class=\"elementor-element elementor-element-2b04cab elementor-widget elementor-widget-image\" data-id=\"2b04cab\" data-element_type=\"widget\" data-e-type=\"widget\" data-widget_type=\"image.default\">\n\t\t\t\t<div class=\"elementor-widget-container\">\n\t\t\t\t\t\t\t\t\t\t\t\t\t\t\t<img fetchpriority=\"high\" decoding=\"async\" width=\"610\" height=\"570\" src=\"https:\/\/www.eteach-thueringen.de\/gpp\/wp-content\/uploads\/2024\/01\/eteach-web-beraten-dialogworkshop-white-230619.svg\" class=\"attachment-large size-large wp-image-7029\" alt=\"\" \/>\t\t\t\t\t\t\t\t\t\t\t\t\t\t\t<\/div>\n\t\t\t\t<\/div>\n\t\t\t\t\t<\/div>\n\t\t\t\t<\/div>\n\t\t\t\t\t<\/div>\n\t\t\t\t<\/div>\n\t\t<div class=\"elementor-element elementor-element-f530820 e-con-full e-flex e-con e-parent\" data-id=\"f530820\" data-element_type=\"container\" data-e-type=\"container\" data-settings=\"{&quot;background_background&quot;:&quot;classic&quot;}\">\n\t\t<div class=\"elementor-element elementor-element-c356172 e-flex e-con-boxed e-con e-child\" data-id=\"c356172\" data-element_type=\"container\" data-e-type=\"container\">\n\t\t\t\t\t<div class=\"e-con-inner\">\n\t\t\t\t<div class=\"elementor-element elementor-element-a314f12 elementor-widget elementor-widget-heading\" data-id=\"a314f12\" data-element_type=\"widget\" data-e-type=\"widget\" data-widget_type=\"heading.default\">\n\t\t\t\t<div class=\"elementor-widget-container\">\n\t\t\t\t\t<h2 class=\"elementor-heading-title elementor-size-default\">Kontakt<\/h2>\t\t\t\t<\/div>\n\t\t\t\t<\/div>\n\t\t\t\t\t<\/div>\n\t\t\t\t<\/div>\n\t\t<div class=\"elementor-element elementor-element-ade2539 e-con-full e-flex e-con e-child\" data-id=\"ade2539\" data-element_type=\"container\" data-e-type=\"container\">\n\t\t\t\t<div class=\"elementor-element elementor-element-baee2d6 elementor-widget-divider--view-line elementor-widget elementor-widget-divider\" data-id=\"baee2d6\" data-element_type=\"widget\" data-e-type=\"widget\" data-widget_type=\"divider.default\">\n\t\t\t\t<div class=\"elementor-widget-container\">\n\t\t\t\t\t\t\t<div class=\"elementor-divider\">\n\t\t\t<span class=\"elementor-divider-separator\">\n\t\t\t\t\t\t<\/span>\n\t\t<\/div>\n\t\t\t\t\t\t<\/div>\n\t\t\t\t<\/div>\n\t\t\t\t<\/div>\n\t\t<div class=\"elementor-element elementor-element-9fc22b1 e-flex e-con-boxed e-con e-child\" data-id=\"9fc22b1\" data-element_type=\"container\" data-e-type=\"container\">\n\t\t\t\t\t<div class=\"e-con-inner\">\n\t\t<div class=\"elementor-element elementor-element-9b1fb57 e-con-full e-flex e-con e-child\" data-id=\"9b1fb57\" data-element_type=\"container\" data-e-type=\"container\">\n\t\t\t\t<div class=\"elementor-element elementor-element-008c1c0 elementor-widget__width-initial elementor-widget elementor-widget-text-editor\" data-id=\"008c1c0\" data-element_type=\"widget\" data-e-type=\"widget\" data-widget_type=\"text-editor.default\">\n\t\t\t\t<div class=\"elementor-widget-container\">\n\t\t\t\t\t\t\t\t\t<p>M\u00f6chten Sie mehr \u00fcber unser Projekt erfahren? Haben Sie Interesse an einer Zusammenarbeit? Haben Sie Fragen zu dieser Plattform? Wir freuen uns auf einen Austausch mit Ihnen. Bitte nutzen Sie das\u00a0<a href=\"https:\/\/www.eteach-thueringen.de\/gpp\/ansprechpartner\/\">Kontaktformular<\/a>, w\u00e4hlen Sie Ihr Anliegen aus und hinterlassen Sie uns Ihre Nachricht. Wir setzen uns schnellstm\u00f6glich mit Ihnen in Verbindung.<\/p>\t\t\t\t\t\t\t\t<\/div>\n\t\t\t\t<\/div>\n\t\t\t\t<div class=\"elementor-element elementor-element-e42c903 elementor-widget__width-initial elementor-widget elementor-widget-text-editor\" data-id=\"e42c903\" data-element_type=\"widget\" data-e-type=\"widget\" data-widget_type=\"text-editor.default\">\n\t\t\t\t<div class=\"elementor-widget-container\">\n\t\t\t\t\t\t\t\t\t<p>Wenn Sie Interesse an einem Lehr-\/Lernkonzept haben, dann nutzen Sie bitte die Kontaktm\u00f6glichkeit, die Sie in der Beschreibung jedes Lehr-\/Lernkonzepts finden.<\/p>\t\t\t\t\t\t\t\t<\/div>\n\t\t\t\t<\/div>\n\t\t\t\t<\/div>\n\t\t<div class=\"elementor-element elementor-element-f39c053 e-flex e-con-boxed e-con e-child\" data-id=\"f39c053\" data-element_type=\"container\" data-e-type=\"container\">\n\t\t\t\t\t<div class=\"e-con-inner\">\n\t\t\t\t<div class=\"elementor-element elementor-element-c4c110b e-transform elementor-widget elementor-widget-image\" data-id=\"c4c110b\" data-element_type=\"widget\" data-e-type=\"widget\" data-settings=\"{&quot;_transform_flipY_effect&quot;:&quot;transform&quot;}\" data-widget_type=\"image.default\">\n\t\t\t\t<div class=\"elementor-widget-container\">\n\t\t\t\t\t\t\t\t\t\t\t\t\t\t\t<img decoding=\"async\" width=\"324\" height=\"324\" src=\"https:\/\/www.eteach-thueringen.de\/gpp\/wp-content\/uploads\/2024\/01\/eteach-web-vernetzen-white-230619.svg\" class=\"attachment-large size-large wp-image-7016\" alt=\"\" \/>\t\t\t\t\t\t\t\t\t\t\t\t\t\t\t<\/div>\n\t\t\t\t<\/div>\n\t\t\t\t\t<\/div>\n\t\t\t\t<\/div>\n\t\t\t\t\t<\/div>\n\t\t\t\t<\/div>\n\t\t\t\t<\/div>\n\t\t<div class=\"elementor-element elementor-element-0a861ce e-con-full e-flex e-con e-parent\" data-id=\"0a861ce\" data-element_type=\"container\" data-e-type=\"container\" data-settings=\"{&quot;background_background&quot;:&quot;gradient&quot;}\">\n\t\t\t\t<div class=\"elementor-element elementor-element-7d8a697 elementor-widget-divider--view-line elementor-widget elementor-widget-divider\" data-id=\"7d8a697\" data-element_type=\"widget\" data-e-type=\"widget\" data-widget_type=\"divider.default\">\n\t\t\t\t<div class=\"elementor-widget-container\">\n\t\t\t\t\t\t\t<div class=\"elementor-divider\">\n\t\t\t<span class=\"elementor-divider-separator\">\n\t\t\t\t\t\t<\/span>\n\t\t<\/div>\n\t\t\t\t\t\t<\/div>\n\t\t\t\t<\/div>\n\t\t\t\t<div class=\"elementor-element elementor-element-5ac8ee5 elementor-widget-divider--view-line elementor-widget elementor-widget-divider\" data-id=\"5ac8ee5\" data-element_type=\"widget\" data-e-type=\"widget\" data-widget_type=\"divider.default\">\n\t\t\t\t<div class=\"elementor-widget-container\">\n\t\t\t\t\t\t\t<div class=\"elementor-divider\">\n\t\t\t<span class=\"elementor-divider-separator\">\n\t\t\t\t\t\t<\/span>\n\t\t<\/div>\n\t\t\t\t\t\t<\/div>\n\t\t\t\t<\/div>\n\t\t\t\t<div class=\"elementor-element elementor-element-900b356 elementor-widget-divider--view-line elementor-widget elementor-widget-divider\" data-id=\"900b356\" data-element_type=\"widget\" data-e-type=\"widget\" data-widget_type=\"divider.default\">\n\t\t\t\t<div class=\"elementor-widget-container\">\n\t\t\t\t\t\t\t<div class=\"elementor-divider\">\n\t\t\t<span class=\"elementor-divider-separator\">\n\t\t\t\t\t\t<\/span>\n\t\t<\/div>\n\t\t\t\t\t\t<\/div>\n\t\t\t\t<\/div>\n\t\t\t\t<div class=\"elementor-element elementor-element-6d92054 elementor-widget-divider--view-line elementor-widget elementor-widget-divider\" data-id=\"6d92054\" data-element_type=\"widget\" data-e-type=\"widget\" data-widget_type=\"divider.default\">\n\t\t\t\t<div class=\"elementor-widget-container\">\n\t\t\t\t\t\t\t<div class=\"elementor-divider\">\n\t\t\t<span class=\"elementor-divider-separator\">\n\t\t\t\t\t\t<\/span>\n\t\t<\/div>\n\t\t\t\t\t\t<\/div>\n\t\t\t\t<\/div>\n\t\t\t\t<div class=\"elementor-element elementor-element-4fc3a96 elementor-widget-divider--view-line elementor-widget elementor-widget-divider\" data-id=\"4fc3a96\" data-element_type=\"widget\" data-e-type=\"widget\" data-widget_type=\"divider.default\">\n\t\t\t\t<div class=\"elementor-widget-container\">\n\t\t\t\t\t\t\t<div class=\"elementor-divider\">\n\t\t\t<span class=\"elementor-divider-separator\">\n\t\t\t\t\t\t<\/span>\n\t\t<\/div>\n\t\t\t\t\t\t<\/div>\n\t\t\t\t<\/div>\n\t\t\t\t<div class=\"elementor-element elementor-element-4d0c90d elementor-widget-divider--view-line elementor-widget elementor-widget-divider\" data-id=\"4d0c90d\" data-element_type=\"widget\" data-e-type=\"widget\" data-widget_type=\"divider.default\">\n\t\t\t\t<div class=\"elementor-widget-container\">\n\t\t\t\t\t\t\t<div class=\"elementor-divider\">\n\t\t\t<span class=\"elementor-divider-separator\">\n\t\t\t\t\t\t<\/span>\n\t\t<\/div>\n\t\t\t\t\t\t<\/div>\n\t\t\t\t<\/div>\n\t\t\t\t<div class=\"elementor-element elementor-element-9c34533 elementor-widget-divider--view-line elementor-widget elementor-widget-divider\" data-id=\"9c34533\" data-element_type=\"widget\" data-e-type=\"widget\" data-widget_type=\"divider.default\">\n\t\t\t\t<div class=\"elementor-widget-container\">\n\t\t\t\t\t\t\t<div class=\"elementor-divider\">\n\t\t\t<span class=\"elementor-divider-separator\">\n\t\t\t\t\t\t<\/span>\n\t\t<\/div>\n\t\t\t\t\t\t<\/div>\n\t\t\t\t<\/div>\n\t\t\t\t<div class=\"elementor-element elementor-element-5239310 elementor-widget-divider--view-line elementor-widget elementor-widget-divider\" data-id=\"5239310\" data-element_type=\"widget\" data-e-type=\"widget\" data-widget_type=\"divider.default\">\n\t\t\t\t<div class=\"elementor-widget-container\">\n\t\t\t\t\t\t\t<div class=\"elementor-divider\">\n\t\t\t<span class=\"elementor-divider-separator\">\n\t\t\t\t\t\t<\/span>\n\t\t<\/div>\n\t\t\t\t\t\t<\/div>\n\t\t\t\t<\/div>\n\t\t\t\t<\/div>\n\t\t\t\t<\/div>\n\t\t","protected":false},"excerpt":{"rendered":"<p>Die Good Practice Platform Th\u00fcringen Die Good Practice Platform Th\u00fcringen ist eine Initiative des eTeach-Netzwerks Th\u00fcringen, das sich der F\u00f6rderung und Begleitung der digitalen Transformation in der Lehre widmet. Als Teil unserer umfassenden Unterst\u00fctzungsangebote bietet die Plattform Lehrenden an Th\u00fcringer Hochschulen Gelegenheit, bew\u00e4hrte Praktiken, kreative Ideen und wertvolle Erfahrungen in der digitalen Lehre auszutauschen. Sie [&hellip;]<\/p>\n","protected":false},"author":2,"featured_media":0,"parent":0,"menu_order":5,"comment_status":"closed","ping_status":"closed","template":"","meta":{"_acf_changed":false,"footnotes":""},"class_list":["post-3609","page","type-page","status-publish","hentry"],"acf":[],"yoast_head":"<!-- This site is optimized with the Yoast SEO plugin v27.4 - https:\/\/yoast.com\/product\/yoast-seo-wordpress\/ -->\n<title>\u00dcber das Projekt - Good Practice Plattform<\/title>\n<meta name=\"description\" content=\"Die Good Practice Plattform Th\u00fcringen ist eine Initiative des eTeach-Netzwerks Th\u00fcringen, das sich der F\u00f6rderung und Begleitung der digitalen Transformation in der Lehre widmet.\" \/>\n<meta name=\"robots\" content=\"index, follow, max-snippet:-1, max-image-preview:large, max-video-preview:-1\" \/>\n<link rel=\"canonical\" href=\"https:\/\/www.eteach-thueringen.de\/gpp\/vorhaben-qualitaet-der-lehre-staerken\/\" \/>\n<meta property=\"og:locale\" content=\"de_DE\" \/>\n<meta property=\"og:type\" content=\"article\" \/>\n<meta property=\"og:title\" content=\"\u00dcber das Projekt - Good Practice Plattform\" \/>\n<meta property=\"og:description\" content=\"Die Good Practice Plattform Th\u00fcringen ist eine Initiative des eTeach-Netzwerks Th\u00fcringen, das sich der F\u00f6rderung und Begleitung der digitalen Transformation in der Lehre widmet.\" \/>\n<meta property=\"og:url\" content=\"https:\/\/www.eteach-thueringen.de\/gpp\/vorhaben-qualitaet-der-lehre-staerken\/\" \/>\n<meta property=\"og:site_name\" content=\"Good Practice Plattform\" \/>\n<meta property=\"article:modified_time\" content=\"2025-09-23T15:15:31+00:00\" \/>\n<meta name=\"twitter:card\" content=\"summary_large_image\" \/>\n<meta name=\"twitter:label1\" content=\"Gesch\u00e4tzte Lesezeit\" \/>\n\t<meta name=\"twitter:data1\" content=\"2\u00a0Minuten\" \/>\n<script type=\"application\/ld+json\" class=\"yoast-schema-graph\">{\"@context\":\"https:\\\/\\\/schema.org\",\"@graph\":[{\"@type\":\"WebPage\",\"@id\":\"https:\\\/\\\/www.eteach-thueringen.de\\\/gpp\\\/vorhaben-qualitaet-der-lehre-staerken\\\/\",\"url\":\"https:\\\/\\\/www.eteach-thueringen.de\\\/gpp\\\/vorhaben-qualitaet-der-lehre-staerken\\\/\",\"name\":\"\u00dcber das Projekt - Good Practice Plattform\",\"isPartOf\":{\"@id\":\"https:\\\/\\\/www.eteach-thueringen.de\\\/gpp\\\/#website\"},\"primaryImageOfPage\":{\"@id\":\"https:\\\/\\\/www.eteach-thueringen.de\\\/gpp\\\/vorhaben-qualitaet-der-lehre-staerken\\\/#primaryimage\"},\"image\":{\"@id\":\"https:\\\/\\\/www.eteach-thueringen.de\\\/gpp\\\/vorhaben-qualitaet-der-lehre-staerken\\\/#primaryimage\"},\"thumbnailUrl\":\"https:\\\/\\\/www.eteach-thueringen.de\\\/gpp\\\/wp-content\\\/uploads\\\/2024\\\/01\\\/eteach-web-beraten-dialogworkshop-white-230619.svg\",\"datePublished\":\"2014-03-06T10:22:41+00:00\",\"dateModified\":\"2025-09-23T15:15:31+00:00\",\"description\":\"Die Good Practice Plattform Th\u00fcringen ist eine Initiative des eTeach-Netzwerks Th\u00fcringen, das sich der F\u00f6rderung und Begleitung der digitalen Transformation in der Lehre widmet.\",\"breadcrumb\":{\"@id\":\"https:\\\/\\\/www.eteach-thueringen.de\\\/gpp\\\/vorhaben-qualitaet-der-lehre-staerken\\\/#breadcrumb\"},\"inLanguage\":\"de\",\"potentialAction\":[{\"@type\":\"ReadAction\",\"target\":[\"https:\\\/\\\/www.eteach-thueringen.de\\\/gpp\\\/vorhaben-qualitaet-der-lehre-staerken\\\/\"]}]},{\"@type\":\"ImageObject\",\"inLanguage\":\"de\",\"@id\":\"https:\\\/\\\/www.eteach-thueringen.de\\\/gpp\\\/vorhaben-qualitaet-der-lehre-staerken\\\/#primaryimage\",\"url\":\"https:\\\/\\\/www.eteach-thueringen.de\\\/gpp\\\/wp-content\\\/uploads\\\/2024\\\/01\\\/eteach-web-beraten-dialogworkshop-white-230619.svg\",\"contentUrl\":\"https:\\\/\\\/www.eteach-thueringen.de\\\/gpp\\\/wp-content\\\/uploads\\\/2024\\\/01\\\/eteach-web-beraten-dialogworkshop-white-230619.svg\",\"width\":610,\"height\":570},{\"@type\":\"BreadcrumbList\",\"@id\":\"https:\\\/\\\/www.eteach-thueringen.de\\\/gpp\\\/vorhaben-qualitaet-der-lehre-staerken\\\/#breadcrumb\",\"itemListElement\":[{\"@type\":\"ListItem\",\"position\":1,\"name\":\"Startseite\",\"item\":\"https:\\\/\\\/www.eteach-thueringen.de\\\/gpp\\\/\"},{\"@type\":\"ListItem\",\"position\":2,\"name\":\"\u00dcber das Projekt\"}]},{\"@type\":\"WebSite\",\"@id\":\"https:\\\/\\\/www.eteach-thueringen.de\\\/gpp\\\/#website\",\"url\":\"https:\\\/\\\/www.eteach-thueringen.de\\\/gpp\\\/\",\"name\":\"Good Practice Plattform\",\"description\":\"Erprobte Praxisbeispiele aus dem Lernen, Lehren und Pr\u00fcfen an den Th\u00fcringer Hochschulen\",\"publisher\":{\"@id\":\"https:\\\/\\\/www.eteach-thueringen.de\\\/gpp\\\/#organization\"},\"potentialAction\":[{\"@type\":\"SearchAction\",\"target\":{\"@type\":\"EntryPoint\",\"urlTemplate\":\"https:\\\/\\\/www.eteach-thueringen.de\\\/gpp\\\/?s={search_term_string}\"},\"query-input\":{\"@type\":\"PropertyValueSpecification\",\"valueRequired\":true,\"valueName\":\"search_term_string\"}}],\"inLanguage\":\"de\"},{\"@type\":\"Organization\",\"@id\":\"https:\\\/\\\/www.eteach-thueringen.de\\\/gpp\\\/#organization\",\"name\":\"Good Practice Plattform\",\"url\":\"https:\\\/\\\/www.eteach-thueringen.de\\\/gpp\\\/\",\"logo\":{\"@type\":\"ImageObject\",\"inLanguage\":\"de\",\"@id\":\"https:\\\/\\\/www.eteach-thueringen.de\\\/gpp\\\/#\\\/schema\\\/logo\\\/image\\\/\",\"url\":\"https:\\\/\\\/www.eteach-thueringen.de\\\/gpp\\\/wp-content\\\/uploads\\\/2024\\\/01\\\/gpp-new-logo-inline-white.svg\",\"contentUrl\":\"https:\\\/\\\/www.eteach-thueringen.de\\\/gpp\\\/wp-content\\\/uploads\\\/2024\\\/01\\\/gpp-new-logo-inline-white.svg\",\"width\":456,\"height\":41,\"caption\":\"Good Practice Plattform\"},\"image\":{\"@id\":\"https:\\\/\\\/www.eteach-thueringen.de\\\/gpp\\\/#\\\/schema\\\/logo\\\/image\\\/\"}}]}<\/script>\n<!-- \/ Yoast SEO plugin. -->","yoast_head_json":{"title":"\u00dcber das Projekt - Good Practice Plattform","description":"Die Good Practice Plattform Th\u00fcringen ist eine Initiative des eTeach-Netzwerks Th\u00fcringen, das sich der F\u00f6rderung und Begleitung der digitalen Transformation in der Lehre widmet.","robots":{"index":"index","follow":"follow","max-snippet":"max-snippet:-1","max-image-preview":"max-image-preview:large","max-video-preview":"max-video-preview:-1"},"canonical":"https:\/\/www.eteach-thueringen.de\/gpp\/vorhaben-qualitaet-der-lehre-staerken\/","og_locale":"de_DE","og_type":"article","og_title":"\u00dcber das Projekt - Good Practice Plattform","og_description":"Die Good Practice Plattform Th\u00fcringen ist eine Initiative des eTeach-Netzwerks Th\u00fcringen, das sich der F\u00f6rderung und Begleitung der digitalen Transformation in der Lehre widmet.","og_url":"https:\/\/www.eteach-thueringen.de\/gpp\/vorhaben-qualitaet-der-lehre-staerken\/","og_site_name":"Good Practice Plattform","article_modified_time":"2025-09-23T15:15:31+00:00","twitter_card":"summary_large_image","twitter_misc":{"Gesch\u00e4tzte Lesezeit":"2\u00a0Minuten"},"schema":{"@context":"https:\/\/schema.org","@graph":[{"@type":"WebPage","@id":"https:\/\/www.eteach-thueringen.de\/gpp\/vorhaben-qualitaet-der-lehre-staerken\/","url":"https:\/\/www.eteach-thueringen.de\/gpp\/vorhaben-qualitaet-der-lehre-staerken\/","name":"\u00dcber das Projekt - Good Practice Plattform","isPartOf":{"@id":"https:\/\/www.eteach-thueringen.de\/gpp\/#website"},"primaryImageOfPage":{"@id":"https:\/\/www.eteach-thueringen.de\/gpp\/vorhaben-qualitaet-der-lehre-staerken\/#primaryimage"},"image":{"@id":"https:\/\/www.eteach-thueringen.de\/gpp\/vorhaben-qualitaet-der-lehre-staerken\/#primaryimage"},"thumbnailUrl":"https:\/\/www.eteach-thueringen.de\/gpp\/wp-content\/uploads\/2024\/01\/eteach-web-beraten-dialogworkshop-white-230619.svg","datePublished":"2014-03-06T10:22:41+00:00","dateModified":"2025-09-23T15:15:31+00:00","description":"Die Good Practice Plattform Th\u00fcringen ist eine Initiative des eTeach-Netzwerks Th\u00fcringen, das sich der F\u00f6rderung und Begleitung der digitalen Transformation in der Lehre widmet.","breadcrumb":{"@id":"https:\/\/www.eteach-thueringen.de\/gpp\/vorhaben-qualitaet-der-lehre-staerken\/#breadcrumb"},"inLanguage":"de","potentialAction":[{"@type":"ReadAction","target":["https:\/\/www.eteach-thueringen.de\/gpp\/vorhaben-qualitaet-der-lehre-staerken\/"]}]},{"@type":"ImageObject","inLanguage":"de","@id":"https:\/\/www.eteach-thueringen.de\/gpp\/vorhaben-qualitaet-der-lehre-staerken\/#primaryimage","url":"https:\/\/www.eteach-thueringen.de\/gpp\/wp-content\/uploads\/2024\/01\/eteach-web-beraten-dialogworkshop-white-230619.svg","contentUrl":"https:\/\/www.eteach-thueringen.de\/gpp\/wp-content\/uploads\/2024\/01\/eteach-web-beraten-dialogworkshop-white-230619.svg","width":610,"height":570},{"@type":"BreadcrumbList","@id":"https:\/\/www.eteach-thueringen.de\/gpp\/vorhaben-qualitaet-der-lehre-staerken\/#breadcrumb","itemListElement":[{"@type":"ListItem","position":1,"name":"Startseite","item":"https:\/\/www.eteach-thueringen.de\/gpp\/"},{"@type":"ListItem","position":2,"name":"\u00dcber das Projekt"}]},{"@type":"WebSite","@id":"https:\/\/www.eteach-thueringen.de\/gpp\/#website","url":"https:\/\/www.eteach-thueringen.de\/gpp\/","name":"Good Practice Plattform","description":"Erprobte Praxisbeispiele aus dem Lernen, Lehren und Pr\u00fcfen an den Th\u00fcringer Hochschulen","publisher":{"@id":"https:\/\/www.eteach-thueringen.de\/gpp\/#organization"},"potentialAction":[{"@type":"SearchAction","target":{"@type":"EntryPoint","urlTemplate":"https:\/\/www.eteach-thueringen.de\/gpp\/?s={search_term_string}"},"query-input":{"@type":"PropertyValueSpecification","valueRequired":true,"valueName":"search_term_string"}}],"inLanguage":"de"},{"@type":"Organization","@id":"https:\/\/www.eteach-thueringen.de\/gpp\/#organization","name":"Good Practice Plattform","url":"https:\/\/www.eteach-thueringen.de\/gpp\/","logo":{"@type":"ImageObject","inLanguage":"de","@id":"https:\/\/www.eteach-thueringen.de\/gpp\/#\/schema\/logo\/image\/","url":"https:\/\/www.eteach-thueringen.de\/gpp\/wp-content\/uploads\/2024\/01\/gpp-new-logo-inline-white.svg","contentUrl":"https:\/\/www.eteach-thueringen.de\/gpp\/wp-content\/uploads\/2024\/01\/gpp-new-logo-inline-white.svg","width":456,"height":41,"caption":"Good Practice Plattform"},"image":{"@id":"https:\/\/www.eteach-thueringen.de\/gpp\/#\/schema\/logo\/image\/"}}]}},"_links":{"self":[{"href":"https:\/\/www.eteach-thueringen.de\/gpp\/wp-json\/wp\/v2\/pages\/3609","targetHints":{"allow":["GET"]}}],"collection":[{"href":"https:\/\/www.eteach-thueringen.de\/gpp\/wp-json\/wp\/v2\/pages"}],"about":[{"href":"https:\/\/www.eteach-thueringen.de\/gpp\/wp-json\/wp\/v2\/types\/page"}],"author":[{"embeddable":true,"href":"https:\/\/www.eteach-thueringen.de\/gpp\/wp-json\/wp\/v2\/users\/2"}],"replies":[{"embeddable":true,"href":"https:\/\/www.eteach-thueringen.de\/gpp\/wp-json\/wp\/v2\/comments?post=3609"}],"version-history":[{"count":44,"href":"https:\/\/www.eteach-thueringen.de\/gpp\/wp-json\/wp\/v2\/pages\/3609\/revisions"}],"predecessor-version":[{"id":9431,"href":"https:\/\/www.eteach-thueringen.de\/gpp\/wp-json\/wp\/v2\/pages\/3609\/revisions\/9431"}],"wp:attachment":[{"href":"https:\/\/www.eteach-thueringen.de\/gpp\/wp-json\/wp\/v2\/media?parent=3609"}],"curies":[{"name":"wp","href":"https:\/\/api.w.org\/{rel}","templated":true}]}}