{"id":449,"date":"2023-05-16T11:30:12","date_gmt":"2023-05-16T09:30:12","guid":{"rendered":"https:\/\/www.eteach-thueringen.de\/wp\/?page_id=449"},"modified":"2023-05-16T11:30:12","modified_gmt":"2023-05-16T09:30:12","slug":"digital-conference-2019","status":"publish","type":"page","link":"https:\/\/www.eteach-thueringen.de\/en\/digitalkonferenz-2019\/","title":{"rendered":"Digital conference 2019"},"content":{"rendered":"\n<figure class=\"wp-block-image\"><img decoding=\"async\" src=\"https:\/\/www.uni-weimar.de\/fileadmin\/user\/uni\/hauptseiten\/Studium\/Digital_Studieren\/DigiKon19\/Frameanimation_26-04.gif\" alt=\"\"\/><\/figure>\n\n\n\n<h2 class=\"wp-block-heading\" id=\"microsite_content_title\">Digitalisierung und Lehre an Th\u00fcringer Hochschulen<\/h2>\n\n\n\n<h3 class=\"wp-block-heading\">Digitalisierung.Lehre.Zukunft: Themen der Tagung<\/h3>\n\n\n\n<p>Das Th\u00fcringer Ministerium f\u00fcr Wirtschaft, Wissenschaft und Digitale Gesellschaft f\u00f6rdert <strong>drei bedeutsame Digitalisierungsprogramme:<\/strong>&nbsp;die F\u00f6rderprogramme \u201eCurricula der Zukunft\u201c und \u201eFellowships f\u00fcr Innovationen in der digitalen Hochschullehre\u201c sowie das eTEACH-Netzwerk, dessen Federf\u00fchrung bei der BU Weimar liegt. Die Digitalisierungstagung brachte a<strong>m 26. Juni 2019<\/strong> alle relevanten Akteure zusammen und legte damit den Grundstein f\u00fcr Austausch, Kooperation und Weiterentwicklung.<\/p>\n\n\n\n<p>Es ging um die <strong>Verst\u00e4ndigung, den Austausch und die Vernetzung<\/strong> zwischen Th\u00fcringer Hochschulen. Neben dem Antizipieren k\u00fcnftiger Entwicklungen stand das Kennenlernen <strong>strategischer und operativer L\u00f6sungsans\u00e4tze<\/strong> von verschiedenen Hochschulen, Wissenschaftseinrichtungen und F\u00f6rderern im Mittelpunkt. Ziel ist es, <strong>Ideen f\u00fcr neue Projekte<\/strong> in der eigenen Organisation zu entwickeln und <strong>Partner f\u00fcr gemeinsame Vorhaben<\/strong> zu finden. Neben dem Kennenlernen von <strong>Methoden und Instrumenten<\/strong> gab es Zeit zum Reflektieren des eigenen Handelns und zum Austausch mit Kolleg\/innen zur Verf\u00fcgung. Des Weiteren wurden <strong>Beratungsm\u00f6glichkeiten<\/strong> geboten.<\/p>\n\n\n\n<h3 class=\"wp-block-heading\">Beteiligen und Vernetzen: Zielgruppe der Tagung<\/h3>\n\n\n\n<p>Die Digitalisierungstagung sprach alle <strong>Beteiligten der F\u00f6rderprogramme<\/strong> Curricula der Zukunft, Fellowships, eTEACH, Qualit\u00e4tspakt Lehre, Aufstieg durch Bildung: offene Hochschulen an. Dar\u00fcber hinaus waren <strong>interessierte Akteure<\/strong> aus Hochschulen und Ministerien eingeladen. Vor Ort waren selbstverst\u00e4ndlich auch die <strong>Vertreter der wichtigsten Gruppen<\/strong>, wenn es um die Digitalisierung an Hochschulen geht: Lehrende, Studierende und T\u00e4tige im wissenschaftsunterst\u00fctzenden Bereich.&nbsp;<\/p>\n\n\n\n<hr class=\"wp-block-separator has-alpha-channel-opacity\"\/>\n\n\n\n<h3 class=\"wp-block-heading\">Tagungsdokumentation<\/h3>\n\n\n\n<p><a href=\"https:\/\/www.uni-weimar.de\/de\/universitaet\/studium\/elearning-labor\/medienbereichertes-lehren-und-lernen\/veranstaltungen\/digitalkonferenz-2019\/posterpraesentationen\/\">Posterpr\u00e4sentationen mit Videobeitrag<\/a><\/p>\n\n\n\n<p><a href=\"https:\/\/www.uni-weimar.de\/fileadmin\/user\/uni\/hauptseiten\/Studium\/Digital_Studieren\/DigiKon19\/SLIDES_WEIMAR_Bauhaus.pdf\" target=\"_blank\" rel=\"noreferrer noopener\">Pr\u00e4sentation Thomas Strasser<\/a><\/p>\n\n\n\n<p><a href=\"https:\/\/www.uni-weimar.de\/fileadmin\/user\/uni\/hauptseiten\/Studium\/Digital_Studieren\/DigiKon19\/SLIDES_WILLMANN.pdf\" target=\"_blank\" rel=\"noreferrer noopener\">Pr\u00e4sentation Jan Willmann<\/a><\/p>\n\n\n\n<p><a href=\"https:\/\/www.uni-weimar.de\/fileadmin\/user\/uni\/hauptseiten\/Studium\/Digital_Studieren\/DigiKon19\/1906_Vorstellung_HFD_Weimar.pdf\" target=\"_blank\" rel=\"noreferrer noopener\">Pr\u00e4sentation Linda Esch<\/a><\/p>\n\n\n\n<p><a href=\"https:\/\/www.uni-weimar.de\/fileadmin\/user\/uni\/hauptseiten\/Studium\/Digital_Studieren\/DigiKon19\/Vorlesung_Interaktiv_Niemczik_Sudile.pdf\" target=\"_blank\" rel=\"noreferrer noopener\">Pr\u00e4sentation Christian Niemczik<\/a><\/p>\n\n\n\n<p><a rel=\"noreferrer noopener\" href=\"https:\/\/www.uni-weimar.de\/fileadmin\/user\/uni\/hauptseiten\/Studium\/Digital_Studieren\/DigiKon19\/BlitzlichtBrand-Wuerfel.pdf\" target=\"_blank\">Pr\u00e4sentation D. Brand &amp; M. W\u00fcrfel<\/a><\/p>\n\n\n\n<hr class=\"wp-block-separator has-alpha-channel-opacity\"\/>\n\n\n\n<h3 class=\"wp-block-heading\">Infos zur Tagung<\/h3>\n\n\n\n<p>Datum &amp; Ort: 26. Juni 2019, 10:00 &#8211; 18:30 Uhr <strong><a href=\"https:\/\/www.uni-weimar.de\/de\/universitaet\/profil\/orientierung-auf-dem-campus\/lageplaene\/\" target=\"_blank\" rel=\"noreferrer noopener\">Audimax, Universit\u00e4tsbibliothek<\/a>, Steubenstra\u00dfe 6\/8, 99423 Weimar<\/strong><\/p>\n\n\n\n<p>Die Tagung wurde von der Bauhaus-Universit\u00e4t Weimar organisiert.<\/p>\n\n\n\n<hr class=\"wp-block-separator has-alpha-channel-opacity\"\/>\n\n\n\n<h3 class=\"wp-block-heading\">Kontakte<\/h3>\n\n\n\n<p><strong>Sebastian Metag | Tagungskoordination<br><\/strong>Telefon +49 (0) 36 43 \/ 58 12 60<br>E-Mail: <a href=\"javascript:linkTo_UnCryptMailto('ocknvq,ugdcuvkcp0ogvciBwpk\\\/ygkoct0fg');\">sebastian.metag[at]uni-weimar.de<\/a><\/p>\n\n\n\n<p><strong>Iren Schulz | Tagungskommunikation<\/strong><br>Telefon +49 (0) 36 43 \/ 58 12 65<br>E-Mail: <a href=\"javascript:linkTo_UnCryptMailto('ocknvq,ktgp0uejwnbBwpk\\\/ygkoct0fg');\">iren.schulz[at]uni-weimar.de<\/a><\/p>\n","protected":false},"excerpt":{"rendered":"<p>Digitalisierung und Lehre an Th\u00fcringer Hochschulen Digitalisierung.Lehre.Zukunft: Themen der Tagung Das Th\u00fcringer Ministerium f\u00fcr Wirtschaft, Wissenschaft und Digitale Gesellschaft f\u00f6rdert drei bedeutsame Digitalisierungsprogramme:&nbsp;die F\u00f6rderprogramme \u201eCurricula der Zukunft\u201c und \u201eFellowships f\u00fcr Innovationen in der digitalen Hochschullehre\u201c sowie das eTEACH-Netzwerk, dessen Federf\u00fchrung bei der BU Weimar liegt. Die Digitalisierungstagung brachte am 26. Juni 2019 alle relevanten Akteure [&hellip;]<\/p>\n","protected":false},"author":15,"featured_media":0,"parent":0,"menu_order":0,"comment_status":"closed","ping_status":"closed","template":"","meta":{"footnotes":""},"class_list":["post-449","page","type-page","status-publish","hentry"],"yoast_head":"<!-- This site is optimized with the Yoast SEO plugin v27.4 - https:\/\/yoast.com\/product\/yoast-seo-wordpress\/ -->\n<title>Digitalkonferenz 2019 - eTeach-Netzwerk Th\u00fcringen<\/title>\n<meta name=\"robots\" content=\"index, follow, max-snippet:-1, max-image-preview:large, max-video-preview:-1\" \/>\n<link rel=\"canonical\" href=\"https:\/\/www.eteach-thueringen.de\/en\/digital-conference-2019\/\" \/>\n<meta property=\"og:locale\" content=\"en_US\" \/>\n<meta property=\"og:type\" content=\"article\" \/>\n<meta property=\"og:title\" content=\"Digitalkonferenz 2019 - eTeach-Netzwerk Th\u00fcringen\" \/>\n<meta property=\"og:description\" content=\"Digitalisierung und Lehre an Th\u00fcringer Hochschulen Digitalisierung.Lehre.Zukunft: Themen der Tagung Das Th\u00fcringer Ministerium f\u00fcr Wirtschaft, Wissenschaft und Digitale Gesellschaft f\u00f6rdert drei bedeutsame Digitalisierungsprogramme:&nbsp;die F\u00f6rderprogramme \u201eCurricula der Zukunft\u201c und \u201eFellowships f\u00fcr Innovationen in der digitalen Hochschullehre\u201c sowie das eTEACH-Netzwerk, dessen Federf\u00fchrung bei der BU Weimar liegt. Die Digitalisierungstagung brachte am 26. Juni 2019 alle relevanten Akteure [&hellip;]\" \/>\n<meta property=\"og:url\" content=\"https:\/\/www.eteach-thueringen.de\/en\/digital-conference-2019\/\" \/>\n<meta property=\"og:site_name\" content=\"eTeach-Netzwerk Th\u00fcringen\" \/>\n<meta property=\"og:image\" content=\"https:\/\/www.uni-weimar.de\/fileadmin\/user\/uni\/hauptseiten\/Studium\/Digital_Studieren\/DigiKon19\/Frameanimation_26-04.gif\" \/>\n<meta name=\"twitter:card\" content=\"summary_large_image\" \/>\n<meta name=\"twitter:label1\" content=\"Est. reading time\" \/>\n\t<meta name=\"twitter:data1\" content=\"2 minutes\" \/>\n<script type=\"application\/ld+json\" class=\"yoast-schema-graph\">{\"@context\":\"https:\\\/\\\/schema.org\",\"@graph\":[{\"@type\":\"WebPage\",\"@id\":\"https:\\\/\\\/www.eteach-thueringen.de\\\/digitalkonferenz-2019\\\/\",\"url\":\"https:\\\/\\\/www.eteach-thueringen.de\\\/digitalkonferenz-2019\\\/\",\"name\":\"Digitalkonferenz 2019 - eTeach-Netzwerk Th\u00fcringen\",\"isPartOf\":{\"@id\":\"https:\\\/\\\/www.eteach-thueringen.de\\\/#website\"},\"primaryImageOfPage\":{\"@id\":\"https:\\\/\\\/www.eteach-thueringen.de\\\/digitalkonferenz-2019\\\/#primaryimage\"},\"image\":{\"@id\":\"https:\\\/\\\/www.eteach-thueringen.de\\\/digitalkonferenz-2019\\\/#primaryimage\"},\"thumbnailUrl\":\"https:\\\/\\\/www.uni-weimar.de\\\/fileadmin\\\/user\\\/uni\\\/hauptseiten\\\/Studium\\\/Digital_Studieren\\\/DigiKon19\\\/Frameanimation_26-04.gif\",\"datePublished\":\"2023-05-16T09:30:12+00:00\",\"breadcrumb\":{\"@id\":\"https:\\\/\\\/www.eteach-thueringen.de\\\/digitalkonferenz-2019\\\/#breadcrumb\"},\"inLanguage\":\"en-US\",\"potentialAction\":[{\"@type\":\"ReadAction\",\"target\":[\"https:\\\/\\\/www.eteach-thueringen.de\\\/digitalkonferenz-2019\\\/\"]}]},{\"@type\":\"ImageObject\",\"inLanguage\":\"en-US\",\"@id\":\"https:\\\/\\\/www.eteach-thueringen.de\\\/digitalkonferenz-2019\\\/#primaryimage\",\"url\":\"https:\\\/\\\/www.uni-weimar.de\\\/fileadmin\\\/user\\\/uni\\\/hauptseiten\\\/Studium\\\/Digital_Studieren\\\/DigiKon19\\\/Frameanimation_26-04.gif\",\"contentUrl\":\"https:\\\/\\\/www.uni-weimar.de\\\/fileadmin\\\/user\\\/uni\\\/hauptseiten\\\/Studium\\\/Digital_Studieren\\\/DigiKon19\\\/Frameanimation_26-04.gif\"},{\"@type\":\"BreadcrumbList\",\"@id\":\"https:\\\/\\\/www.eteach-thueringen.de\\\/digitalkonferenz-2019\\\/#breadcrumb\",\"itemListElement\":[{\"@type\":\"ListItem\",\"position\":1,\"name\":\"Startseite\",\"item\":\"https:\\\/\\\/www.eteach-thueringen.de\\\/\"},{\"@type\":\"ListItem\",\"position\":2,\"name\":\"Digitalkonferenz 2019\"}]},{\"@type\":\"WebSite\",\"@id\":\"https:\\\/\\\/www.eteach-thueringen.de\\\/#website\",\"url\":\"https:\\\/\\\/www.eteach-thueringen.de\\\/\",\"name\":\"eTeach-Netzwerk Th\u00fcringen\",\"description\":\"\",\"publisher\":{\"@id\":\"https:\\\/\\\/www.eteach-thueringen.de\\\/#organization\"},\"potentialAction\":[{\"@type\":\"SearchAction\",\"target\":{\"@type\":\"EntryPoint\",\"urlTemplate\":\"https:\\\/\\\/www.eteach-thueringen.de\\\/?s={search_term_string}\"},\"query-input\":{\"@type\":\"PropertyValueSpecification\",\"valueRequired\":true,\"valueName\":\"search_term_string\"}}],\"inLanguage\":\"en-US\"},{\"@type\":\"Organization\",\"@id\":\"https:\\\/\\\/www.eteach-thueringen.de\\\/#organization\",\"name\":\"eTeach-Netzwerk Th\u00fcringen\",\"url\":\"https:\\\/\\\/www.eteach-thueringen.de\\\/\",\"logo\":{\"@type\":\"ImageObject\",\"inLanguage\":\"en-US\",\"@id\":\"https:\\\/\\\/www.eteach-thueringen.de\\\/#\\\/schema\\\/logo\\\/image\\\/\",\"url\":\"https:\\\/\\\/www.eteach-thueringen.de\\\/wp-content\\\/uploads\\\/2023\\\/01\\\/eTeach_Logo_offblack_offwhite_rund.png\",\"contentUrl\":\"https:\\\/\\\/www.eteach-thueringen.de\\\/wp-content\\\/uploads\\\/2023\\\/01\\\/eTeach_Logo_offblack_offwhite_rund.png\",\"width\":1151,\"height\":1152,\"caption\":\"eTeach-Netzwerk Th\u00fcringen\"},\"image\":{\"@id\":\"https:\\\/\\\/www.eteach-thueringen.de\\\/#\\\/schema\\\/logo\\\/image\\\/\"},\"sameAs\":[\"https:\\\/\\\/www.instagram.com\\\/eteachnetzwerk.thueringen\\\/\",\"https:\\\/\\\/www.linkedin.com\\\/company\\\/eteach-netzwerk-thringen\\\/\"]}]}<\/script>\n<!-- \/ Yoast SEO plugin. -->","yoast_head_json":{"title":"Digital Conference 2019 - eTeach Network Thuringia","robots":{"index":"index","follow":"follow","max-snippet":"max-snippet:-1","max-image-preview":"max-image-preview:large","max-video-preview":"max-video-preview:-1"},"canonical":"https:\/\/www.eteach-thueringen.de\/en\/digital-conference-2019\/","og_locale":"en_US","og_type":"article","og_title":"Digitalkonferenz 2019 - eTeach-Netzwerk Th\u00fcringen","og_description":"Digitalisierung und Lehre an Th\u00fcringer Hochschulen Digitalisierung.Lehre.Zukunft: Themen der Tagung Das Th\u00fcringer Ministerium f\u00fcr Wirtschaft, Wissenschaft und Digitale Gesellschaft f\u00f6rdert drei bedeutsame Digitalisierungsprogramme:&nbsp;die F\u00f6rderprogramme \u201eCurricula der Zukunft\u201c und \u201eFellowships f\u00fcr Innovationen in der digitalen Hochschullehre\u201c sowie das eTEACH-Netzwerk, dessen Federf\u00fchrung bei der BU Weimar liegt. Die Digitalisierungstagung brachte am 26. Juni 2019 alle relevanten Akteure [&hellip;]","og_url":"https:\/\/www.eteach-thueringen.de\/en\/digital-conference-2019\/","og_site_name":"eTeach-Netzwerk Th\u00fcringen","og_image":[{"url":"https:\/\/www.uni-weimar.de\/fileadmin\/user\/uni\/hauptseiten\/Studium\/Digital_Studieren\/DigiKon19\/Frameanimation_26-04.gif","type":"","width":"","height":""}],"twitter_card":"summary_large_image","twitter_misc":{"Est. reading time":"2 minutes"},"schema":{"@context":"https:\/\/schema.org","@graph":[{"@type":"WebPage","@id":"https:\/\/www.eteach-thueringen.de\/digitalkonferenz-2019\/","url":"https:\/\/www.eteach-thueringen.de\/digitalkonferenz-2019\/","name":"Digital Conference 2019 - eTeach Network Thuringia","isPartOf":{"@id":"https:\/\/www.eteach-thueringen.de\/#website"},"primaryImageOfPage":{"@id":"https:\/\/www.eteach-thueringen.de\/digitalkonferenz-2019\/#primaryimage"},"image":{"@id":"https:\/\/www.eteach-thueringen.de\/digitalkonferenz-2019\/#primaryimage"},"thumbnailUrl":"https:\/\/www.uni-weimar.de\/fileadmin\/user\/uni\/hauptseiten\/Studium\/Digital_Studieren\/DigiKon19\/Frameanimation_26-04.gif","datePublished":"2023-05-16T09:30:12+00:00","breadcrumb":{"@id":"https:\/\/www.eteach-thueringen.de\/digitalkonferenz-2019\/#breadcrumb"},"inLanguage":"en-US","potentialAction":[{"@type":"ReadAction","target":["https:\/\/www.eteach-thueringen.de\/digitalkonferenz-2019\/"]}]},{"@type":"ImageObject","inLanguage":"en-US","@id":"https:\/\/www.eteach-thueringen.de\/digitalkonferenz-2019\/#primaryimage","url":"https:\/\/www.uni-weimar.de\/fileadmin\/user\/uni\/hauptseiten\/Studium\/Digital_Studieren\/DigiKon19\/Frameanimation_26-04.gif","contentUrl":"https:\/\/www.uni-weimar.de\/fileadmin\/user\/uni\/hauptseiten\/Studium\/Digital_Studieren\/DigiKon19\/Frameanimation_26-04.gif"},{"@type":"BreadcrumbList","@id":"https:\/\/www.eteach-thueringen.de\/digitalkonferenz-2019\/#breadcrumb","itemListElement":[{"@type":"ListItem","position":1,"name":"Startseite","item":"https:\/\/www.eteach-thueringen.de\/"},{"@type":"ListItem","position":2,"name":"Digitalkonferenz 2019"}]},{"@type":"WebSite","@id":"https:\/\/www.eteach-thueringen.de\/#website","url":"https:\/\/www.eteach-thueringen.de\/","name":"eTeach Network Thuringia","description":"","publisher":{"@id":"https:\/\/www.eteach-thueringen.de\/#organization"},"potentialAction":[{"@type":"SearchAction","target":{"@type":"EntryPoint","urlTemplate":"https:\/\/www.eteach-thueringen.de\/?s={search_term_string}"},"query-input":{"@type":"PropertyValueSpecification","valueRequired":true,"valueName":"search_term_string"}}],"inLanguage":"en-US"},{"@type":"Organization","@id":"https:\/\/www.eteach-thueringen.de\/#organization","name":"eTeach Network Thuringia","url":"https:\/\/www.eteach-thueringen.de\/","logo":{"@type":"ImageObject","inLanguage":"en-US","@id":"https:\/\/www.eteach-thueringen.de\/#\/schema\/logo\/image\/","url":"https:\/\/www.eteach-thueringen.de\/wp-content\/uploads\/2023\/01\/eTeach_Logo_offblack_offwhite_rund.png","contentUrl":"https:\/\/www.eteach-thueringen.de\/wp-content\/uploads\/2023\/01\/eTeach_Logo_offblack_offwhite_rund.png","width":1151,"height":1152,"caption":"eTeach-Netzwerk Th\u00fcringen"},"image":{"@id":"https:\/\/www.eteach-thueringen.de\/#\/schema\/logo\/image\/"},"sameAs":["https:\/\/www.instagram.com\/eteachnetzwerk.thueringen\/","https:\/\/www.linkedin.com\/company\/eteach-netzwerk-thringen\/"]}]}},"_links":{"self":[{"href":"https:\/\/www.eteach-thueringen.de\/en\/wp-json\/wp\/v2\/pages\/449","targetHints":{"allow":["GET"]}}],"collection":[{"href":"https:\/\/www.eteach-thueringen.de\/en\/wp-json\/wp\/v2\/pages"}],"about":[{"href":"https:\/\/www.eteach-thueringen.de\/en\/wp-json\/wp\/v2\/types\/page"}],"author":[{"embeddable":true,"href":"https:\/\/www.eteach-thueringen.de\/en\/wp-json\/wp\/v2\/users\/15"}],"replies":[{"embeddable":true,"href":"https:\/\/www.eteach-thueringen.de\/en\/wp-json\/wp\/v2\/comments?post=449"}],"version-history":[{"count":1,"href":"https:\/\/www.eteach-thueringen.de\/en\/wp-json\/wp\/v2\/pages\/449\/revisions"}],"predecessor-version":[{"id":450,"href":"https:\/\/www.eteach-thueringen.de\/en\/wp-json\/wp\/v2\/pages\/449\/revisions\/450"}],"wp:attachment":[{"href":"https:\/\/www.eteach-thueringen.de\/en\/wp-json\/wp\/v2\/media?parent=449"}],"curies":[{"name":"wp","href":"https:\/\/api.w.org\/{rel}","templated":true}]}}