{"id":447,"date":"2023-05-16T11:28:27","date_gmt":"2023-05-16T09:28:27","guid":{"rendered":"https:\/\/www.eteach-thueringen.de\/wp\/?page_id=447"},"modified":"2023-05-16T11:28:27","modified_gmt":"2023-05-16T09:28:27","slug":"digitization-workshop-2019","status":"publish","type":"page","link":"https:\/\/www.eteach-thueringen.de\/en\/digitalisierungsworkshop-2019\/","title":{"rendered":"Digitization workshop 2019"},"content":{"rendered":"\n<h3 class=\"wp-block-heading\" id=\"microsite_content_title\">Workshop zur \u00bbDigitalisierung in Studium und Lehre\u00ab<\/h3>\n\n\n\n<p>Knapp 50 Teilnehmerinnen und Teilnehmer aus neun Th\u00fcringer Hochschulen kamen am 19. Dezember an die Bauhaus-Universit\u00e4t Weimar, um sich mit hochschul\u00fcbergreifenden Fragen der Digitalisierung von Studium und Lehre zu besch\u00e4ftigen. Die Vertreterinnen und Vertreter von Hochschulleitungen, aber auch aus dem Th\u00fcringer Bildungsministerium sowie&nbsp; IT-Verantwortliche, Studierende, akademische Mitarbeiter*innen und Expertinnen und Experten f\u00fcr die Digitalisierung der Lehre waren motiviert, sich \u00fcber gemeinsame Entwicklungsprozesse zu hochschul\u00fcbergreifenden L\u00f6sungen zu verst\u00e4ndigen.<\/p>\n\n\n\n<p>Der Workshop startete mit einer Entwicklungsphase, die in einem Ideen-Feuerwerk m\u00fcndete. Nach den anschlie\u00dfenden drei Impulsvortr\u00e4gen gab es Raum f\u00fcr Begegnungen und Gelegenheit zur Konkretisierung von Ideen. Insgesamt \u00e4u\u00dferten sich die Teilnehmenden begeistert \u00fcber die angenehme Atmosph\u00e4re, lobten das kreative Vorgehen und bedankten sich f\u00fcr die Einblicke, die geboten wurden.<\/p>\n\n\n\n<p>Die Ergebnisse des Workshops werden in konkrete Projekte \u00fcberf\u00fchrt und flie\u00dfen in \u00dcberlegungen f\u00fcr die Th\u00fcringer Digitalstrategie 2021 bis 2025 ein.&nbsp;<\/p>\n\n\n\n<p><strong>Programm<\/strong>: <a href=\"https:\/\/www.uni-weimar.de\/fileadmin\/user\/uni\/zentrale_einrichtungen\/zue_universitaetsentwicklung\/Bilder\/News_Termine\/Programm_Workshop_Digitalisierung.pdf\" target=\"_blank\" rel=\"noreferrer noopener\">Download<\/a><\/p>\n\n\n\n<p><strong>Kontakt: <\/strong>sebastian.metag@uni-weimar.de<\/p>\n\n\n\n<hr class=\"wp-block-separator has-alpha-channel-opacity\"\/>\n\n\n\n<h3 class=\"wp-block-heading\">Externe Angebote<\/h3>\n\n\n\n<p><strong>Special issue on Educational Escape Rooms (Electronic Journal of e-Learning):&nbsp;<\/strong>The rapidly evolving field of learning technologies continues to offer new and innovative approaches for promoting student engagement and facilitating knowledge acquisition. One such approach is the use of&nbsp;educational escape rooms (EERs), which have become increasingly popular in recent years.&nbsp;Paper submission deadline: 28 July 2023. <a href=\"https:\/\/academic-publishing.org\/index.php\/ejel\/announcement\/view\/6\" target=\"_blank\" rel=\"noreferrer noopener\"><strong>&gt;&gt;&gt; more info about submission<\/strong><\/a><\/p>\n\n\n\n<p><strong>60<sup>th<\/sup>&nbsp;Ilmenau Scientific Colloquium (ISC) vom 4. bis 8. September 2023 <\/strong>an der Technischen Universit\u00e4t Ilmenau, mit Beitr\u00e4gen des Kooperativen Impulsprojektes von Prof. Husung und Prof. Fl\u00fcggen (Hybride Lehr- und Lernumgebung f\u00fcr die virtuelle Produktentwicklung) <a href=\"https:\/\/www.tu-ilmenau.de\/universitaet\/fakultaeten\/fakultaet-maschinenbau\/veranstaltungen\/ilmenau-scientific-colloquium-engineering-for-a-changing-world\/topics\/topic-4-session-42\" target=\"_blank\" rel=\"noreferrer noopener\"><strong>&gt;&gt;&gt; Info und Termine<br><\/strong><\/a><\/p>\n\n\n\n<p><strong>CALL FOR PARTICIPATION ZUM UNIVERSITY:FUTURE FESTIVAL &#8211; HEADS UP!<\/strong>\u00a0Das\u00a0University:Future Festival\u00a0bietet als Leitveranstaltung zur Hochschulbildung im digitalen Wandel Orientierung, Vernetzung und Inspiration \u2013 communityorientiert und offen f\u00fcr alle. Das hybride Festival findet vom 26. bis 28. April 2023 unter dem Motto &#8222;Heads Up!&#8220; statt. Der Call for Participation ist bis zum 31. Januar ge\u00f6ffnet. <a rel=\"noreferrer noopener\" href=\"https:\/\/hochschulforumdigitalisierung.de\/de\/news\/call-participation-zum-universityfuture-festival-2023\" target=\"_blank\"><strong>>>> Infos und Anmeldung<\/strong><\/a><\/p>\n\n\n\n<hr class=\"wp-block-separator has-alpha-channel-opacity\"\/>\n\n\n\n<p><strong>eTeach-Netzwerk Th\u00fcringen<br><\/strong>Bauhaus-Universit\u00e4t Weimar<br>Amalienstra\u00dfe 13, 99423 Weimar<\/p>\n\n\n\n<p>E-Mail: <a href=\"javascript:linkTo_UnCryptMailto('ocknvq,mqpvcmvBgvgcej\\\/vjwgtkpigp0fg');\">kontakt[at]eteach-thueringen.de<\/a><\/p>\n\n\n\n<p>&#8212;<\/p>\n\n\n\n<p><strong>Sebastian Metag<br><\/strong>Gesch\u00e4ftsf\u00fchrung f\u00fcr strategische Entwicklung, Planung &amp; externe Kooperation<br>Telefon:&nbsp;+49 (0) 36 43 \/ 58 12 60<br>E-Mail: <a href=\"javascript:linkTo_UnCryptMailto('ocknvq,ugdcuvkcp0ogvciBwpk\\\/ygkoct0fg');\">sebastian.metag[at]uni-weimar.de<\/a><\/p>\n\n\n\n<p>&#8212;<\/p>\n\n\n\n<p><strong>Dr. Christine Hess<br><\/strong>Gesch\u00e4ftsf\u00fchrung f\u00fcr interne Kooperation, Personal &amp; Finanzen<br>Telefon:&nbsp;+49 (0) 36 43 \/ 58 12 66&nbsp;<br>E-Mail: <a href=\"javascript:linkTo_UnCryptMailto('ocknvq,ejtkuvkpg0jguuBwpk\\\/ygkoct0fg');\">christine.hess[at]uni-weimar.de<\/a><\/p>\n","protected":false},"excerpt":{"rendered":"<p>Workshop zur \u00bbDigitalisierung in Studium und Lehre\u00ab Knapp 50 Teilnehmerinnen und Teilnehmer aus neun Th\u00fcringer Hochschulen kamen am 19. Dezember an die Bauhaus-Universit\u00e4t Weimar, um sich mit hochschul\u00fcbergreifenden Fragen der Digitalisierung von Studium und Lehre zu besch\u00e4ftigen. Die Vertreterinnen und Vertreter von Hochschulleitungen, aber auch aus dem Th\u00fcringer Bildungsministerium sowie&nbsp; IT-Verantwortliche, Studierende, akademische Mitarbeiter*innen und [&hellip;]<\/p>\n","protected":false},"author":15,"featured_media":0,"parent":0,"menu_order":0,"comment_status":"closed","ping_status":"closed","template":"","meta":{"footnotes":""},"class_list":["post-447","page","type-page","status-publish","hentry"],"yoast_head":"<!-- This site is optimized with the Yoast SEO plugin v27.4 - https:\/\/yoast.com\/product\/yoast-seo-wordpress\/ -->\n<title>Digitalisierungsworkshop 2019 - eTeach-Netzwerk Th\u00fcringen<\/title>\n<meta name=\"robots\" content=\"index, follow, max-snippet:-1, max-image-preview:large, max-video-preview:-1\" \/>\n<link rel=\"canonical\" href=\"https:\/\/www.eteach-thueringen.de\/en\/digitization-workshop-2019\/\" \/>\n<meta property=\"og:locale\" content=\"en_US\" \/>\n<meta property=\"og:type\" content=\"article\" \/>\n<meta property=\"og:title\" content=\"Digitalisierungsworkshop 2019 - eTeach-Netzwerk Th\u00fcringen\" \/>\n<meta property=\"og:description\" content=\"Workshop zur \u00bbDigitalisierung in Studium und Lehre\u00ab Knapp 50 Teilnehmerinnen und Teilnehmer aus neun Th\u00fcringer Hochschulen kamen am 19. Dezember an die Bauhaus-Universit\u00e4t Weimar, um sich mit hochschul\u00fcbergreifenden Fragen der Digitalisierung von Studium und Lehre zu besch\u00e4ftigen. Die Vertreterinnen und Vertreter von Hochschulleitungen, aber auch aus dem Th\u00fcringer Bildungsministerium sowie&nbsp; IT-Verantwortliche, Studierende, akademische Mitarbeiter*innen und [&hellip;]\" \/>\n<meta property=\"og:url\" content=\"https:\/\/www.eteach-thueringen.de\/en\/digitization-workshop-2019\/\" \/>\n<meta property=\"og:site_name\" content=\"eTeach-Netzwerk Th\u00fcringen\" \/>\n<meta name=\"twitter:card\" content=\"summary_large_image\" \/>\n<meta name=\"twitter:label1\" content=\"Est. reading time\" \/>\n\t<meta name=\"twitter:data1\" content=\"2 minutes\" \/>\n<script type=\"application\/ld+json\" class=\"yoast-schema-graph\">{\"@context\":\"https:\\\/\\\/schema.org\",\"@graph\":[{\"@type\":\"WebPage\",\"@id\":\"https:\\\/\\\/www.eteach-thueringen.de\\\/digitalisierungsworkshop-2019\\\/\",\"url\":\"https:\\\/\\\/www.eteach-thueringen.de\\\/digitalisierungsworkshop-2019\\\/\",\"name\":\"Digitalisierungsworkshop 2019 - eTeach-Netzwerk Th\u00fcringen\",\"isPartOf\":{\"@id\":\"https:\\\/\\\/www.eteach-thueringen.de\\\/#website\"},\"datePublished\":\"2023-05-16T09:28:27+00:00\",\"breadcrumb\":{\"@id\":\"https:\\\/\\\/www.eteach-thueringen.de\\\/digitalisierungsworkshop-2019\\\/#breadcrumb\"},\"inLanguage\":\"en-US\",\"potentialAction\":[{\"@type\":\"ReadAction\",\"target\":[\"https:\\\/\\\/www.eteach-thueringen.de\\\/digitalisierungsworkshop-2019\\\/\"]}]},{\"@type\":\"BreadcrumbList\",\"@id\":\"https:\\\/\\\/www.eteach-thueringen.de\\\/digitalisierungsworkshop-2019\\\/#breadcrumb\",\"itemListElement\":[{\"@type\":\"ListItem\",\"position\":1,\"name\":\"Startseite\",\"item\":\"https:\\\/\\\/www.eteach-thueringen.de\\\/\"},{\"@type\":\"ListItem\",\"position\":2,\"name\":\"Digitalisierungsworkshop 2019\"}]},{\"@type\":\"WebSite\",\"@id\":\"https:\\\/\\\/www.eteach-thueringen.de\\\/#website\",\"url\":\"https:\\\/\\\/www.eteach-thueringen.de\\\/\",\"name\":\"eTeach-Netzwerk Th\u00fcringen\",\"description\":\"\",\"publisher\":{\"@id\":\"https:\\\/\\\/www.eteach-thueringen.de\\\/#organization\"},\"potentialAction\":[{\"@type\":\"SearchAction\",\"target\":{\"@type\":\"EntryPoint\",\"urlTemplate\":\"https:\\\/\\\/www.eteach-thueringen.de\\\/?s={search_term_string}\"},\"query-input\":{\"@type\":\"PropertyValueSpecification\",\"valueRequired\":true,\"valueName\":\"search_term_string\"}}],\"inLanguage\":\"en-US\"},{\"@type\":\"Organization\",\"@id\":\"https:\\\/\\\/www.eteach-thueringen.de\\\/#organization\",\"name\":\"eTeach-Netzwerk Th\u00fcringen\",\"url\":\"https:\\\/\\\/www.eteach-thueringen.de\\\/\",\"logo\":{\"@type\":\"ImageObject\",\"inLanguage\":\"en-US\",\"@id\":\"https:\\\/\\\/www.eteach-thueringen.de\\\/#\\\/schema\\\/logo\\\/image\\\/\",\"url\":\"https:\\\/\\\/www.eteach-thueringen.de\\\/wp-content\\\/uploads\\\/2023\\\/01\\\/eTeach_Logo_offblack_offwhite_rund.png\",\"contentUrl\":\"https:\\\/\\\/www.eteach-thueringen.de\\\/wp-content\\\/uploads\\\/2023\\\/01\\\/eTeach_Logo_offblack_offwhite_rund.png\",\"width\":1151,\"height\":1152,\"caption\":\"eTeach-Netzwerk Th\u00fcringen\"},\"image\":{\"@id\":\"https:\\\/\\\/www.eteach-thueringen.de\\\/#\\\/schema\\\/logo\\\/image\\\/\"},\"sameAs\":[\"https:\\\/\\\/www.instagram.com\\\/eteachnetzwerk.thueringen\\\/\",\"https:\\\/\\\/www.linkedin.com\\\/company\\\/eteach-netzwerk-thringen\\\/\"]}]}<\/script>\n<!-- \/ Yoast SEO plugin. -->","yoast_head_json":{"title":"Digitization workshop 2019 - eTeach network Thuringia","robots":{"index":"index","follow":"follow","max-snippet":"max-snippet:-1","max-image-preview":"max-image-preview:large","max-video-preview":"max-video-preview:-1"},"canonical":"https:\/\/www.eteach-thueringen.de\/en\/digitization-workshop-2019\/","og_locale":"en_US","og_type":"article","og_title":"Digitalisierungsworkshop 2019 - eTeach-Netzwerk Th\u00fcringen","og_description":"Workshop zur \u00bbDigitalisierung in Studium und Lehre\u00ab Knapp 50 Teilnehmerinnen und Teilnehmer aus neun Th\u00fcringer Hochschulen kamen am 19. Dezember an die Bauhaus-Universit\u00e4t Weimar, um sich mit hochschul\u00fcbergreifenden Fragen der Digitalisierung von Studium und Lehre zu besch\u00e4ftigen. Die Vertreterinnen und Vertreter von Hochschulleitungen, aber auch aus dem Th\u00fcringer Bildungsministerium sowie&nbsp; IT-Verantwortliche, Studierende, akademische Mitarbeiter*innen und [&hellip;]","og_url":"https:\/\/www.eteach-thueringen.de\/en\/digitization-workshop-2019\/","og_site_name":"eTeach-Netzwerk Th\u00fcringen","twitter_card":"summary_large_image","twitter_misc":{"Est. reading time":"2 minutes"},"schema":{"@context":"https:\/\/schema.org","@graph":[{"@type":"WebPage","@id":"https:\/\/www.eteach-thueringen.de\/digitalisierungsworkshop-2019\/","url":"https:\/\/www.eteach-thueringen.de\/digitalisierungsworkshop-2019\/","name":"Digitization workshop 2019 - eTeach network Thuringia","isPartOf":{"@id":"https:\/\/www.eteach-thueringen.de\/#website"},"datePublished":"2023-05-16T09:28:27+00:00","breadcrumb":{"@id":"https:\/\/www.eteach-thueringen.de\/digitalisierungsworkshop-2019\/#breadcrumb"},"inLanguage":"en-US","potentialAction":[{"@type":"ReadAction","target":["https:\/\/www.eteach-thueringen.de\/digitalisierungsworkshop-2019\/"]}]},{"@type":"BreadcrumbList","@id":"https:\/\/www.eteach-thueringen.de\/digitalisierungsworkshop-2019\/#breadcrumb","itemListElement":[{"@type":"ListItem","position":1,"name":"Startseite","item":"https:\/\/www.eteach-thueringen.de\/"},{"@type":"ListItem","position":2,"name":"Digitalisierungsworkshop 2019"}]},{"@type":"WebSite","@id":"https:\/\/www.eteach-thueringen.de\/#website","url":"https:\/\/www.eteach-thueringen.de\/","name":"eTeach Network Thuringia","description":"","publisher":{"@id":"https:\/\/www.eteach-thueringen.de\/#organization"},"potentialAction":[{"@type":"SearchAction","target":{"@type":"EntryPoint","urlTemplate":"https:\/\/www.eteach-thueringen.de\/?s={search_term_string}"},"query-input":{"@type":"PropertyValueSpecification","valueRequired":true,"valueName":"search_term_string"}}],"inLanguage":"en-US"},{"@type":"Organization","@id":"https:\/\/www.eteach-thueringen.de\/#organization","name":"eTeach Network Thuringia","url":"https:\/\/www.eteach-thueringen.de\/","logo":{"@type":"ImageObject","inLanguage":"en-US","@id":"https:\/\/www.eteach-thueringen.de\/#\/schema\/logo\/image\/","url":"https:\/\/www.eteach-thueringen.de\/wp-content\/uploads\/2023\/01\/eTeach_Logo_offblack_offwhite_rund.png","contentUrl":"https:\/\/www.eteach-thueringen.de\/wp-content\/uploads\/2023\/01\/eTeach_Logo_offblack_offwhite_rund.png","width":1151,"height":1152,"caption":"eTeach-Netzwerk Th\u00fcringen"},"image":{"@id":"https:\/\/www.eteach-thueringen.de\/#\/schema\/logo\/image\/"},"sameAs":["https:\/\/www.instagram.com\/eteachnetzwerk.thueringen\/","https:\/\/www.linkedin.com\/company\/eteach-netzwerk-thringen\/"]}]}},"_links":{"self":[{"href":"https:\/\/www.eteach-thueringen.de\/en\/wp-json\/wp\/v2\/pages\/447","targetHints":{"allow":["GET"]}}],"collection":[{"href":"https:\/\/www.eteach-thueringen.de\/en\/wp-json\/wp\/v2\/pages"}],"about":[{"href":"https:\/\/www.eteach-thueringen.de\/en\/wp-json\/wp\/v2\/types\/page"}],"author":[{"embeddable":true,"href":"https:\/\/www.eteach-thueringen.de\/en\/wp-json\/wp\/v2\/users\/15"}],"replies":[{"embeddable":true,"href":"https:\/\/www.eteach-thueringen.de\/en\/wp-json\/wp\/v2\/comments?post=447"}],"version-history":[{"count":1,"href":"https:\/\/www.eteach-thueringen.de\/en\/wp-json\/wp\/v2\/pages\/447\/revisions"}],"predecessor-version":[{"id":448,"href":"https:\/\/www.eteach-thueringen.de\/en\/wp-json\/wp\/v2\/pages\/447\/revisions\/448"}],"wp:attachment":[{"href":"https:\/\/www.eteach-thueringen.de\/en\/wp-json\/wp\/v2\/media?parent=447"}],"curies":[{"name":"wp","href":"https:\/\/api.w.org\/{rel}","templated":true}]}}