{"id":377,"date":"2023-04-21T06:19:15","date_gmt":"2023-04-21T04:19:15","guid":{"rendered":"https:\/\/www.eteach-thueringen.de\/wp\/?page_id=377"},"modified":"2023-04-21T07:16:04","modified_gmt":"2023-04-21T05:16:04","slug":"innovation","status":"publish","type":"page","link":"https:\/\/www.eteach-thueringen.de\/en\/innovation\/","title":{"rendered":"Innovation"},"content":{"rendered":"\n<p>Das eTeach-Netzwerk Th\u00fcringen bietet F\u00f6rderungen f\u00fcr Lehrende, um Innovationen beim Lernen, Lehren und Pr\u00fcfen voranzubringen. Neben den F\u00f6rderformaten &#8222;Kooperative Impulsprojekte&#8220; und &#8222;Freistunde&#8220; gibt es weitere Unterst\u00fctzung und Begleitung durch unsere Kontaktstellen. Sprechen Sie uns an!<\/p>\n\n\n\n<p>Daneben b\u00fcndeln wir Initiativen und Ausschreibungen, die f\u00fcr Lehrende von Interesse sein k\u00f6nnen. Wir weisen auf Antragsm\u00f6glichkeiten hin und bieten Gelegenheiten f\u00fcr den Austausch&nbsp;in verschiedenen <a rel=\"noreferrer noopener\" href=\"https:\/\/www.uni-weimar.de\/de\/universitaet\/studium\/digital-studieren\/medienbereichertes-lehren-und-lernen\/veranstaltungen\/\" target=\"_blank\">Veranstaltungsformaten<\/a>.<\/p>\n\n\n\n<h3 class=\"wp-block-heading\">Impulsprojekte<\/h3>\n\n\n\n<p>Haben Sie eine Idee f\u00fcr ein innovatives Curriculum? M\u00f6chten Sie ein neues Lehr-\/Lernkonzept einf\u00fchren? Oder die digitale Bereicherung voranbringen? Mit den kooperativen Impulsprojekten erhalten Sie die M\u00f6glichkeit, ein solches Projekt durchzuf\u00fchren.&nbsp;<\/p>\n\n\n\n<p>Die wichtigsten Merkmale der kooperativen Impulsprojekte im \u00dcberblick:<br><strong>Kooperativ<\/strong>: Lehrende zweier Th\u00fcringer Hochschulen stellen einen gemeinsamen Antrag.<br><strong>J\u00e4hrlich<\/strong>: Die Antragstellung ist jedes Jahr m\u00f6glich.<br><strong>Gef\u00f6rdert<\/strong>: Personal- und Sachmittel f\u00fcr maximal ein Jahr k\u00f6nnen eingeworben werden.<br><strong>Zuk\u00fcnftig<\/strong>: Projektergebnisse werden Bestandteil einer Lehrveranstaltung und bereichern die Lehre langfristig.<br><strong>Transferiert<\/strong>: Die Projektergebnisse k\u00f6nnen \u00fcber die eigene Disziplin hinaus nutzbar gemacht werden.<\/p>\n\n\n\n<p>&nbsp;<a href=\"https:\/\/www.uni-weimar.de\/de\/universitaet\/studium\/elearning-labor\/medienbereichertes-lehren-und-lernen\/innovation\/kooperative-impulsprojekte\/\" target=\"_blank\" rel=\"noreferrer noopener\">Link zu weiteren Informationen und Formularen<\/a><\/p>\n\n\n\n<h3 class=\"wp-block-heading\">Freistunde<\/h3>\n\n\n\n<p>Sie m\u00f6chten Lehr-\/Lernmaterialien, wie Audios, Videos oder virtuelle Kursr\u00e4ume erstellen?<br>Sie w\u00fcrden von einem Lehrcoaching oder einer Hospitation durch Expert:innen \/ Didaktiker:innen profitieren? Ihnen w\u00fcrde es helfen, wenn Sie Ihr Lehrdeputat f\u00fcr ein Semester reduzieren k\u00f6nnten, um Zeit f\u00fcr die Weiterentwicklung Ihrer Lehrveranstaltungen zu gewinnen? Mit \u201eFreistunde\u201c erhalten Sie die M\u00f6glichkeit dazu.&nbsp;<\/p>\n\n\n\n<p>Die wichtigsten Merkmale der Freistunde im \u00dcberblick:<br><strong>Niedrigschwellig<\/strong>: Eine Lehrende einer Th\u00fcringer Hochschule stellt einen eigenen Antrag \u00fcber ein kurzes Formular.<br><strong>Einmalig<\/strong>: Die F\u00f6rderlinie \u201eFreistunde\u201c ist ein Pilotvorhaben des eTeach-Netzwerk. Die Antragstellung ist einmalig im Jahr 2022 m\u00f6glich.<br><strong>Gef\u00f6rdert<\/strong>: Sachmittel in H\u00f6he von maximal 3000\u20ac k\u00f6nnen eingeworben werden.<br><strong>Inspirierend<\/strong>: Die Ergebnisse dienen anderen interessierten Lehrenden zur Inspiration und als Beispiele guter Praxis f\u00fcr eigene Entwicklungen.<br><strong>Kompetenzerwerbend<\/strong>: Die Ergebnisse unterst\u00fctzen den Kompetenzerwerb der Studierenden, und\/oder der Verbesserung des Lernerfolgs, und\/oder der Erh\u00f6hung der Zug\u00e4nglichkeit zur Lehrveranstaltung.<\/p>\n\n\n\n<p>&nbsp;<a href=\"https:\/\/www.uni-weimar.de\/de\/universitaet\/studium\/elearning-labor\/medienbereichertes-lehren-und-lernen\/innovation\/freistunde\/\">Zur F\u00f6rderung Freistunde<\/a><\/p>\n\n\n\n<h3 class=\"wp-block-heading\">Externe Angebote<\/h3>\n\n\n\n<p>Haben Sie Interesse an bundesweiten F\u00f6rderprogrammen? M\u00f6chten Sie an Workshops oder Weiterbildungen teilnehmen? Hier weisen wir Sie auf externe Angebote rund um Lernen, Lehren und Pr\u00fcfen hin.<br><a rel=\"noreferrer noopener\" href=\"https:\/\/www.uni-weimar.de\/index.php?id=61947\" target=\"_blank\">Zur Seite mit den externen Angeboten<\/a><\/p>\n\n\n\n<hr class=\"wp-block-separator has-alpha-channel-opacity\"\/>\n\n\n\n<div class=\"wp-block-group is-layout-constrained wp-block-group-is-layout-constrained\">\n<h3 class=\"wp-block-heading\"><a href=\"https:\/\/www.uni-weimar.de\/de\/universitaet\/studium\/elearning-labor\/medienbereichertes-lehren-und-lernen\/qualifizierung\/kursangebote\/\">ZUR ANMELDUNG F\u00dcR DIE ETEACH-KURSE &gt;&gt;&gt;<\/a><\/h3>\n\n\n\n<div style=\"height:100px\" aria-hidden=\"true\" class=\"wp-block-spacer\"><\/div>\n\n\n\n<h3 class=\"wp-block-heading\"><a href=\"https:\/\/www.uni-weimar.de\/de\/universitaet\/studium\/elearning-labor\/medienbereichertes-lehren-und-lernen\/ueber-das-netzwerk\/anmeldung-zum-newsletter\/\">ZUR ANMELDUNG F\u00dcR DEN NEWSLETTER &gt;&gt;&gt;<\/a><\/h3>\n\n\n\n<div style=\"height:100px\" aria-hidden=\"true\" class=\"wp-block-spacer\"><\/div>\n\n\n\n<h3 class=\"wp-block-heading\">Externe Angebote<\/h3>\n\n\n\n<p><strong>Special issue on Educational Escape Rooms (Electronic Journal of e-Learning):&nbsp;<\/strong>The rapidly evolving field of learning technologies continues to offer new and innovative approaches for promoting student engagement and facilitating knowledge acquisition. One such approach is the use of&nbsp;educational escape rooms (EERs), which have become increasingly popular in recent years.&nbsp;Paper submission deadline: 28 July 2023. <a href=\"https:\/\/academic-publishing.org\/index.php\/ejel\/announcement\/view\/6\" target=\"_blank\" rel=\"noreferrer noopener\"><strong>&gt;&gt;&gt; more info about submission<\/strong><\/a><\/p>\n\n\n\n<p><strong>60<sup>th<\/sup>&nbsp;Ilmenau Scientific Colloquium (ISC) vom 4. bis 8. September 2023 <\/strong>an der Technischen Universit\u00e4t Ilmenau, mit Beitr\u00e4gen des Kooperativen Impulsprojektes von Prof. Husung und Prof. Fl\u00fcggen (Hybride Lehr- und Lernumgebung f\u00fcr die virtuelle Produktentwicklung) <a href=\"https:\/\/www.tu-ilmenau.de\/universitaet\/fakultaeten\/fakultaet-maschinenbau\/veranstaltungen\/ilmenau-scientific-colloquium-engineering-for-a-changing-world\/topics\/topic-4-session-42\" target=\"_blank\" rel=\"noreferrer noopener\"><strong>&gt;&gt;&gt; Info und Termine<br><\/strong><\/a><\/p>\n\n\n\n<p><strong>CALL FOR PARTICIPATION ZUM UNIVERSITY:FUTURE FESTIVAL &#8211; HEADS UP!<\/strong>&nbsp;Das&nbsp;University:Future Festival&nbsp;bietet als Leitveranstaltung zur Hochschulbildung im digitalen Wandel Orientierung, Vernetzung und Inspiration \u2013 communityorientiert und offen f\u00fcr alle. Das hybride Festival findet vom 26. bis 28. April 2023 unter dem Motto &#8222;Heads Up!&#8220; statt. Der Call for Participation ist bis zum 31. Januar ge\u00f6ffnet. <a href=\"https:\/\/hochschulforumdigitalisierung.de\/de\/news\/call-participation-zum-universityfuture-festival-2023\" target=\"_blank\" rel=\"noreferrer noopener\"><strong>&gt;&gt;&gt; Infos und Anmeldung<\/strong><\/a><\/p>\n\n\n\n<div style=\"height:100px\" aria-hidden=\"true\" class=\"wp-block-spacer\"><\/div>\n\n\n\n<p><strong>eTeach-Netzwerk Th\u00fcringen<br><\/strong>Bauhaus-Universit\u00e4t Weimar<br>Amalienstra\u00dfe 13, 99423 Weimar<\/p>\n\n\n\n<p>E-Mail: <a href=\"javascript:linkTo_UnCryptMailto('ocknvq,mqpvcmvBgvgcej\\\/vjwgtkpigp0fg');\">kontakt[at]eteach-thueringen.de<\/a><\/p>\n\n\n\n<p>&#8212;<\/p>\n\n\n\n<p><strong>Sebastian Metag<br><\/strong>Gesch\u00e4ftsf\u00fchrung f\u00fcr strategische Entwicklung, Planung &amp; externe Kooperation<br>Telefon:&nbsp;+49 (0) 36 43 \/ 58 12 60<br>E-Mail: <a href=\"javascript:linkTo_UnCryptMailto('ocknvq,ugdcuvkcp0ogvciBwpk\\\/ygkoct0fg');\">sebastian.metag[at]uni-weimar.de<\/a><\/p>\n\n\n\n<p>&#8212;<\/p>\n\n\n\n<p><strong>Dr. Christine Hess<br><\/strong>Gesch\u00e4ftsf\u00fchrung f\u00fcr interne Kooperation, Personal &amp; Finanzen<br>Telefon:&nbsp;+49 (0) 36 43 \/ 58 12 66&nbsp;<br>E-Mail: <a href=\"javascript:linkTo_UnCryptMailto('ocknvq,ejtkuvkpg0jguuBwpk\\\/ygkoct0fg');\">christine.hess[at]uni-weimar.de<\/a><\/p>\n<\/div>\n","protected":false},"excerpt":{"rendered":"<p>Das eTeach-Netzwerk Th\u00fcringen bietet F\u00f6rderungen f\u00fcr Lehrende, um Innovationen beim Lernen, Lehren und Pr\u00fcfen voranzubringen. Neben den F\u00f6rderformaten &#8222;Kooperative Impulsprojekte&#8220; und &#8222;Freistunde&#8220; gibt es weitere Unterst\u00fctzung und Begleitung durch unsere Kontaktstellen. Sprechen Sie uns an! Daneben b\u00fcndeln wir Initiativen und Ausschreibungen, die f\u00fcr Lehrende von Interesse sein k\u00f6nnen. Wir weisen auf Antragsm\u00f6glichkeiten hin und bieten [&hellip;]<\/p>\n","protected":false},"author":15,"featured_media":0,"parent":0,"menu_order":0,"comment_status":"closed","ping_status":"closed","template":"","meta":{"footnotes":""},"class_list":["post-377","page","type-page","status-publish","hentry"],"yoast_head":"<!-- This site is optimized with the Yoast SEO plugin v27.4 - https:\/\/yoast.com\/product\/yoast-seo-wordpress\/ -->\n<title>Innovation - eTeach-Netzwerk Th\u00fcringen<\/title>\n<meta name=\"robots\" content=\"index, follow, max-snippet:-1, max-image-preview:large, max-video-preview:-1\" \/>\n<link rel=\"canonical\" href=\"https:\/\/www.eteach-thueringen.de\/en\/innovation\/\" \/>\n<meta property=\"og:locale\" content=\"en_US\" \/>\n<meta property=\"og:type\" content=\"article\" \/>\n<meta property=\"og:title\" content=\"Innovation - eTeach-Netzwerk Th\u00fcringen\" \/>\n<meta property=\"og:description\" content=\"Das eTeach-Netzwerk Th\u00fcringen bietet F\u00f6rderungen f\u00fcr Lehrende, um Innovationen beim Lernen, Lehren und Pr\u00fcfen voranzubringen. Neben den F\u00f6rderformaten &#8222;Kooperative Impulsprojekte&#8220; und &#8222;Freistunde&#8220; gibt es weitere Unterst\u00fctzung und Begleitung durch unsere Kontaktstellen. Sprechen Sie uns an! Daneben b\u00fcndeln wir Initiativen und Ausschreibungen, die f\u00fcr Lehrende von Interesse sein k\u00f6nnen. Wir weisen auf Antragsm\u00f6glichkeiten hin und bieten [&hellip;]\" \/>\n<meta property=\"og:url\" content=\"https:\/\/www.eteach-thueringen.de\/en\/innovation\/\" \/>\n<meta property=\"og:site_name\" content=\"eTeach-Netzwerk Th\u00fcringen\" \/>\n<meta property=\"article:modified_time\" content=\"2023-04-21T05:16:04+00:00\" \/>\n<meta name=\"twitter:card\" content=\"summary_large_image\" \/>\n<meta name=\"twitter:label1\" content=\"Est. reading time\" \/>\n\t<meta name=\"twitter:data1\" content=\"2 minutes\" \/>\n<script type=\"application\/ld+json\" class=\"yoast-schema-graph\">{\"@context\":\"https:\\\/\\\/schema.org\",\"@graph\":[{\"@type\":\"WebPage\",\"@id\":\"https:\\\/\\\/www.eteach-thueringen.de\\\/innovation\\\/\",\"url\":\"https:\\\/\\\/www.eteach-thueringen.de\\\/innovation\\\/\",\"name\":\"Innovation - eTeach-Netzwerk Th\u00fcringen\",\"isPartOf\":{\"@id\":\"https:\\\/\\\/www.eteach-thueringen.de\\\/#website\"},\"datePublished\":\"2023-04-21T04:19:15+00:00\",\"dateModified\":\"2023-04-21T05:16:04+00:00\",\"breadcrumb\":{\"@id\":\"https:\\\/\\\/www.eteach-thueringen.de\\\/innovation\\\/#breadcrumb\"},\"inLanguage\":\"en-US\",\"potentialAction\":[{\"@type\":\"ReadAction\",\"target\":[\"https:\\\/\\\/www.eteach-thueringen.de\\\/innovation\\\/\"]}]},{\"@type\":\"BreadcrumbList\",\"@id\":\"https:\\\/\\\/www.eteach-thueringen.de\\\/innovation\\\/#breadcrumb\",\"itemListElement\":[{\"@type\":\"ListItem\",\"position\":1,\"name\":\"Startseite\",\"item\":\"https:\\\/\\\/www.eteach-thueringen.de\\\/\"},{\"@type\":\"ListItem\",\"position\":2,\"name\":\"Innovation\"}]},{\"@type\":\"WebSite\",\"@id\":\"https:\\\/\\\/www.eteach-thueringen.de\\\/#website\",\"url\":\"https:\\\/\\\/www.eteach-thueringen.de\\\/\",\"name\":\"eTeach-Netzwerk Th\u00fcringen\",\"description\":\"\",\"publisher\":{\"@id\":\"https:\\\/\\\/www.eteach-thueringen.de\\\/#organization\"},\"potentialAction\":[{\"@type\":\"SearchAction\",\"target\":{\"@type\":\"EntryPoint\",\"urlTemplate\":\"https:\\\/\\\/www.eteach-thueringen.de\\\/?s={search_term_string}\"},\"query-input\":{\"@type\":\"PropertyValueSpecification\",\"valueRequired\":true,\"valueName\":\"search_term_string\"}}],\"inLanguage\":\"en-US\"},{\"@type\":\"Organization\",\"@id\":\"https:\\\/\\\/www.eteach-thueringen.de\\\/#organization\",\"name\":\"eTeach-Netzwerk Th\u00fcringen\",\"url\":\"https:\\\/\\\/www.eteach-thueringen.de\\\/\",\"logo\":{\"@type\":\"ImageObject\",\"inLanguage\":\"en-US\",\"@id\":\"https:\\\/\\\/www.eteach-thueringen.de\\\/#\\\/schema\\\/logo\\\/image\\\/\",\"url\":\"https:\\\/\\\/www.eteach-thueringen.de\\\/wp-content\\\/uploads\\\/2023\\\/01\\\/eTeach_Logo_offblack_offwhite_rund.png\",\"contentUrl\":\"https:\\\/\\\/www.eteach-thueringen.de\\\/wp-content\\\/uploads\\\/2023\\\/01\\\/eTeach_Logo_offblack_offwhite_rund.png\",\"width\":1151,\"height\":1152,\"caption\":\"eTeach-Netzwerk Th\u00fcringen\"},\"image\":{\"@id\":\"https:\\\/\\\/www.eteach-thueringen.de\\\/#\\\/schema\\\/logo\\\/image\\\/\"},\"sameAs\":[\"https:\\\/\\\/www.instagram.com\\\/eteachnetzwerk.thueringen\\\/\",\"https:\\\/\\\/www.linkedin.com\\\/company\\\/eteach-netzwerk-thringen\\\/\"]}]}<\/script>\n<!-- \/ Yoast SEO plugin. -->","yoast_head_json":{"title":"Innovation - eTeach Network Thuringia","robots":{"index":"index","follow":"follow","max-snippet":"max-snippet:-1","max-image-preview":"max-image-preview:large","max-video-preview":"max-video-preview:-1"},"canonical":"https:\/\/www.eteach-thueringen.de\/en\/innovation\/","og_locale":"en_US","og_type":"article","og_title":"Innovation - eTeach-Netzwerk Th\u00fcringen","og_description":"Das eTeach-Netzwerk Th\u00fcringen bietet F\u00f6rderungen f\u00fcr Lehrende, um Innovationen beim Lernen, Lehren und Pr\u00fcfen voranzubringen. Neben den F\u00f6rderformaten &#8222;Kooperative Impulsprojekte&#8220; und &#8222;Freistunde&#8220; gibt es weitere Unterst\u00fctzung und Begleitung durch unsere Kontaktstellen. Sprechen Sie uns an! Daneben b\u00fcndeln wir Initiativen und Ausschreibungen, die f\u00fcr Lehrende von Interesse sein k\u00f6nnen. Wir weisen auf Antragsm\u00f6glichkeiten hin und bieten [&hellip;]","og_url":"https:\/\/www.eteach-thueringen.de\/en\/innovation\/","og_site_name":"eTeach-Netzwerk Th\u00fcringen","article_modified_time":"2023-04-21T05:16:04+00:00","twitter_card":"summary_large_image","twitter_misc":{"Est. reading time":"2 minutes"},"schema":{"@context":"https:\/\/schema.org","@graph":[{"@type":"WebPage","@id":"https:\/\/www.eteach-thueringen.de\/innovation\/","url":"https:\/\/www.eteach-thueringen.de\/innovation\/","name":"Innovation - eTeach Network Thuringia","isPartOf":{"@id":"https:\/\/www.eteach-thueringen.de\/#website"},"datePublished":"2023-04-21T04:19:15+00:00","dateModified":"2023-04-21T05:16:04+00:00","breadcrumb":{"@id":"https:\/\/www.eteach-thueringen.de\/innovation\/#breadcrumb"},"inLanguage":"en-US","potentialAction":[{"@type":"ReadAction","target":["https:\/\/www.eteach-thueringen.de\/innovation\/"]}]},{"@type":"BreadcrumbList","@id":"https:\/\/www.eteach-thueringen.de\/innovation\/#breadcrumb","itemListElement":[{"@type":"ListItem","position":1,"name":"Startseite","item":"https:\/\/www.eteach-thueringen.de\/"},{"@type":"ListItem","position":2,"name":"Innovation"}]},{"@type":"WebSite","@id":"https:\/\/www.eteach-thueringen.de\/#website","url":"https:\/\/www.eteach-thueringen.de\/","name":"eTeach Network Thuringia","description":"","publisher":{"@id":"https:\/\/www.eteach-thueringen.de\/#organization"},"potentialAction":[{"@type":"SearchAction","target":{"@type":"EntryPoint","urlTemplate":"https:\/\/www.eteach-thueringen.de\/?s={search_term_string}"},"query-input":{"@type":"PropertyValueSpecification","valueRequired":true,"valueName":"search_term_string"}}],"inLanguage":"en-US"},{"@type":"Organization","@id":"https:\/\/www.eteach-thueringen.de\/#organization","name":"eTeach Network Thuringia","url":"https:\/\/www.eteach-thueringen.de\/","logo":{"@type":"ImageObject","inLanguage":"en-US","@id":"https:\/\/www.eteach-thueringen.de\/#\/schema\/logo\/image\/","url":"https:\/\/www.eteach-thueringen.de\/wp-content\/uploads\/2023\/01\/eTeach_Logo_offblack_offwhite_rund.png","contentUrl":"https:\/\/www.eteach-thueringen.de\/wp-content\/uploads\/2023\/01\/eTeach_Logo_offblack_offwhite_rund.png","width":1151,"height":1152,"caption":"eTeach-Netzwerk Th\u00fcringen"},"image":{"@id":"https:\/\/www.eteach-thueringen.de\/#\/schema\/logo\/image\/"},"sameAs":["https:\/\/www.instagram.com\/eteachnetzwerk.thueringen\/","https:\/\/www.linkedin.com\/company\/eteach-netzwerk-thringen\/"]}]}},"_links":{"self":[{"href":"https:\/\/www.eteach-thueringen.de\/en\/wp-json\/wp\/v2\/pages\/377","targetHints":{"allow":["GET"]}}],"collection":[{"href":"https:\/\/www.eteach-thueringen.de\/en\/wp-json\/wp\/v2\/pages"}],"about":[{"href":"https:\/\/www.eteach-thueringen.de\/en\/wp-json\/wp\/v2\/types\/page"}],"author":[{"embeddable":true,"href":"https:\/\/www.eteach-thueringen.de\/en\/wp-json\/wp\/v2\/users\/15"}],"replies":[{"embeddable":true,"href":"https:\/\/www.eteach-thueringen.de\/en\/wp-json\/wp\/v2\/comments?post=377"}],"version-history":[{"count":3,"href":"https:\/\/www.eteach-thueringen.de\/en\/wp-json\/wp\/v2\/pages\/377\/revisions"}],"predecessor-version":[{"id":397,"href":"https:\/\/www.eteach-thueringen.de\/en\/wp-json\/wp\/v2\/pages\/377\/revisions\/397"}],"wp:attachment":[{"href":"https:\/\/www.eteach-thueringen.de\/en\/wp-json\/wp\/v2\/media?parent=377"}],"curies":[{"name":"wp","href":"https:\/\/api.w.org\/{rel}","templated":true}]}}