{"id":17952,"date":"2026-04-23T14:13:12","date_gmt":"2026-04-23T12:13:12","guid":{"rendered":"https:\/\/www.eteach-thueringen.de\/?page_id=17952"},"modified":"2026-04-24T14:40:41","modified_gmt":"2026-04-24T12:40:41","slug":"teilen-2","status":"publish","type":"page","link":"https:\/\/www.eteach-thueringen.de\/en\/teilen-2\/","title":{"rendered":"share"},"content":{"rendered":"<div data-elementor-type=\"wp-page\" data-elementor-id=\"17952\" class=\"elementor elementor-17952\" data-elementor-post-type=\"page\">\n\t\t\t\t<div class=\"elementor-element elementor-element-8782911 e-flex e-con-boxed e-con e-parent\" data-id=\"8782911\" data-element_type=\"container\" data-e-type=\"container\">\n\t\t\t\t\t<div class=\"e-con-inner\">\n\t\t\t\t<div class=\"elementor-element elementor-element-b8a02aa elementor-widget elementor-widget-heading\" data-id=\"b8a02aa\" data-element_type=\"widget\" data-e-type=\"widget\" data-widget_type=\"heading.default\">\n\t\t\t\t<div class=\"elementor-widget-container\">\n\t\t\t\t\t<h2 class=\"elementor-heading-title elementor-size-default\">share<\/h2>\t\t\t\t<\/div>\n\t\t\t\t<\/div>\n\t\t\t\t\t<\/div>\n\t\t\t\t<\/div>\n\t\t<div class=\"elementor-element elementor-element-f1fb8e6 gradient-cont-tuerkis e-flex e-con-boxed e-con e-parent\" data-id=\"f1fb8e6\" data-element_type=\"container\" data-e-type=\"container\" data-settings=\"{&quot;background_background&quot;:&quot;gradient&quot;}\">\n\t\t\t\t\t<div class=\"e-con-inner\">\n\t\t\t\t<div class=\"elementor-element elementor-element-96d1b65 elementor-widget__width-initial elementor-widget elementor-widget-text-editor\" data-id=\"96d1b65\" data-element_type=\"widget\" data-e-type=\"widget\" data-widget_type=\"text-editor.default\">\n\t\t\t\t<div class=\"elementor-widget-container\">\n\t\t\t\t\t\t\t\t\t<p data-start=\"194\" data-end=\"530\">Teilen bedeutet im eTeach-Netzwerk Th\u00fcringen, Wissen, Erfahrungen und Ressourcen aktiv zug\u00e4nglich zu machen und gemeinsam weiterzuentwickeln. Ziel ist es, eine hochschul\u00fcbergreifende <em data-start=\"377\" data-end=\"400\">Community of Practice<\/em> zu etablieren, in der Lehrende voneinander lernen, sich gegenseitig inspirieren und gemeinsam an der Qualit\u00e4t der Lehre arbeiten.<\/p><p data-start=\"586\" data-end=\"799\">W\u00e4hrend beim Vernetzen der pers\u00f6nliche Austausch und Dialog im Mittelpunkt stehen, geht es beim Teilen darum, Inhalte, Materialien und Expertise nachhaltig verf\u00fcgbar zu machen und f\u00fcr andere nutzbar aufzubereiten.<\/p><p data-start=\"801\" data-end=\"1064\">Im Zentrum steht der offene Austausch von Expertise aus unterschiedlichen Themenfeldern der digitalen Hochschullehre. Durch das Teilen von Erfahrungen, Konzepten und Materialien entstehen neue Perspektiven und konkrete Ankn\u00fcpfungspunkte f\u00fcr die eigene Lehrpraxis.<\/p>\t\t\t\t\t\t\t\t<\/div>\n\t\t\t\t<\/div>\n\t\t\t\t\t<\/div>\n\t\t\t\t<\/div>\n\t\t<div class=\"elementor-element elementor-element-85c9d39 e-flex e-con-boxed e-con e-parent\" data-id=\"85c9d39\" data-element_type=\"container\" data-e-type=\"container\" data-settings=\"{&quot;background_background&quot;:&quot;classic&quot;}\">\n\t\t\t\t\t<div class=\"e-con-inner\">\n\t\t\t\t<div class=\"elementor-element elementor-element-d5d0a2c elementor-widget elementor-widget-heading\" data-id=\"d5d0a2c\" data-element_type=\"widget\" data-e-type=\"widget\" data-widget_type=\"heading.default\">\n\t\t\t\t<div class=\"elementor-widget-container\">\n\t\t\t\t\t<h2 class=\"elementor-heading-title elementor-size-default\">Was wird geteilt?<\/h2>\t\t\t\t<\/div>\n\t\t\t\t<\/div>\n\t\t\t\t<div class=\"elementor-element elementor-element-d6eb8bd elementor-widget elementor-widget-text-editor\" data-id=\"d6eb8bd\" data-element_type=\"widget\" data-e-type=\"widget\" data-widget_type=\"text-editor.default\">\n\t\t\t\t<div class=\"elementor-widget-container\">\n\t\t\t\t\t\t\t\t\t<p data-start=\"835\" data-end=\"947\">Im Netzwerk werden vielf\u00e4ltige Inhalte und Formate geteilt, die Lehrende in ihrer t\u00e4glichen Arbeit unterst\u00fctzen:<\/p><ul data-start=\"949\" data-end=\"1215\"><li data-section-id=\"12m6uc3\" data-start=\"949\" data-end=\"1020\"><strong data-start=\"951\" data-end=\"984\">Praxiswissen und Lehrkonzepte<\/strong> aus unterschiedlichen Disziplinen<\/li><li data-section-id=\"1kiwwdw\" data-start=\"1021\" data-end=\"1073\"><strong data-start=\"1023\" data-end=\"1071\">Erfahrungen mit digitalen Tools und Methoden<\/strong><\/li><li data-section-id=\"xg3d8e\" data-start=\"1074\" data-end=\"1136\"><strong data-start=\"1076\" data-end=\"1134\">Einblicke in innovative Lehrprojekte und Entwicklungen<\/strong><\/li><li data-section-id=\"c1m2vi\" data-start=\"1137\" data-end=\"1215\"><strong data-start=\"1139\" data-end=\"1169\">Materialien und Ressourcen<\/strong> zur direkten Nutzung oder Weiterentwicklung<\/li><\/ul><p data-start=\"1217\" data-end=\"1315\">So wird Wissen nicht nur verbreitet, sondern kontinuierlich weitergedacht und gemeinsam gesch\u00e4rft.<\/p>\t\t\t\t\t\t\t\t<\/div>\n\t\t\t\t<\/div>\n\t\t\t\t\t<\/div>\n\t\t\t\t<\/div>\n\t\t<div class=\"elementor-element elementor-element-6599c44 e-flex e-con-boxed e-con e-parent\" data-id=\"6599c44\" data-element_type=\"container\" data-e-type=\"container\" data-settings=\"{&quot;background_background&quot;:&quot;classic&quot;}\">\n\t\t\t\t\t<div class=\"e-con-inner\">\n\t\t\t\t<div class=\"elementor-element elementor-element-6afaa36 elementor-widget elementor-widget-heading\" data-id=\"6afaa36\" data-element_type=\"widget\" data-e-type=\"widget\" data-widget_type=\"heading.default\">\n\t\t\t\t<div class=\"elementor-widget-container\">\n\t\t\t\t\t<h2 class=\"elementor-heading-title elementor-size-default\">Angebote zum Teilen und Weiterlernen<\/h2>\t\t\t\t<\/div>\n\t\t\t\t<\/div>\n\t\t\t\t\t<\/div>\n\t\t\t\t<\/div>\n\t\t<div class=\"elementor-element elementor-element-974cc17 e-con-full e-flex e-con e-parent\" data-id=\"974cc17\" data-element_type=\"container\" data-e-type=\"container\" data-settings=\"{&quot;background_background&quot;:&quot;classic&quot;}\">\n\t\t\t\t<div class=\"elementor-element elementor-element-89fafd0 elementor-widget-divider--view-line elementor-widget elementor-widget-divider\" data-id=\"89fafd0\" data-element_type=\"widget\" data-e-type=\"widget\" data-widget_type=\"divider.default\">\n\t\t\t\t<div class=\"elementor-widget-container\">\n\t\t\t\t\t\t\t<div class=\"elementor-divider\">\n\t\t\t<span class=\"elementor-divider-separator\">\n\t\t\t\t\t\t<\/span>\n\t\t<\/div>\n\t\t\t\t\t\t<\/div>\n\t\t\t\t<\/div>\n\t\t\t\t<\/div>\n\t\t<div class=\"elementor-element elementor-element-a4ba28d e-flex e-con-boxed e-con e-parent\" data-id=\"a4ba28d\" data-element_type=\"container\" data-e-type=\"container\" data-settings=\"{&quot;background_background&quot;:&quot;classic&quot;}\">\n\t\t\t\t\t<div class=\"e-con-inner\">\n\t\t<div class=\"elementor-element elementor-element-2cf64b6 e-flex e-con-boxed e-con e-child\" data-id=\"2cf64b6\" data-element_type=\"container\" data-e-type=\"container\">\n\t\t\t\t\t<div class=\"e-con-inner\">\n\t\t<div class=\"elementor-element elementor-element-596f00a e-con-full e-flex e-con e-child\" data-id=\"596f00a\" data-element_type=\"container\" data-e-type=\"container\">\n\t\t\t\t<div class=\"elementor-element elementor-element-5fd95a3 elementor-widget elementor-widget-heading\" data-id=\"5fd95a3\" data-element_type=\"widget\" data-e-type=\"widget\" data-widget_type=\"heading.default\">\n\t\t\t\t<div class=\"elementor-widget-container\">\n\t\t\t\t\t<h3 class=\"elementor-heading-title elementor-size-default\">Weiterbildungsangebote \u00fcber den VCT<\/h3>\t\t\t\t<\/div>\n\t\t\t\t<\/div>\n\t\t\t\t<div class=\"elementor-element elementor-element-1c13965 elementor-widget elementor-widget-text-editor\" data-id=\"1c13965\" data-element_type=\"widget\" data-e-type=\"widget\" data-widget_type=\"text-editor.default\">\n\t\t\t\t<div class=\"elementor-widget-container\">\n\t\t\t\t\t\t\t\t\t<p>Lehrende k\u00f6nnen \u00fcber den Virtuellen Campus Th\u00fcringen auf vielf\u00e4ltige Qualifizierungsangebote zugreifen, z. B. Moodle-Kurse zu Themen wie Barrierefreiheit oder den Einsatz generativer KI in der Lehre, z.B. genKI-F\u00fchrerschein f\u00fcr die Lehre und f\u00fcr Studierende.<\/p>\t\t\t\t\t\t\t\t<\/div>\n\t\t\t\t<\/div>\n\t\t\t\t<div class=\"elementor-element elementor-element-0db84fd elementor-widget elementor-widget-button\" data-id=\"0db84fd\" data-element_type=\"widget\" data-e-type=\"widget\" data-widget_type=\"button.default\">\n\t\t\t\t<div class=\"elementor-widget-container\">\n\t\t\t\t\t\t\t\t\t<div class=\"elementor-button-wrapper\">\n\t\t\t\t\t<a class=\"elementor-button elementor-button-link elementor-size-sm\" href=\"https:\/\/virtueller-campus-thueringen.de\/\" target=\"_blank\">\n\t\t\t\t\t\t<span class=\"elementor-button-content-wrapper\">\n\t\t\t\t\t\t\t\t\t<span class=\"elementor-button-text\">To the Virtual Campus Thuringia<\/span>\n\t\t\t\t\t<\/span>\n\t\t\t\t\t<\/a>\n\t\t\t\t<\/div>\n\t\t\t\t\t\t\t\t<\/div>\n\t\t\t\t<\/div>\n\t\t\t\t<\/div>\n\t\t<div class=\"elementor-element elementor-element-b47f646 e-con-full e-flex e-con e-child\" data-id=\"b47f646\" data-element_type=\"container\" data-e-type=\"container\">\n\t\t\t\t<div class=\"elementor-element elementor-element-a49e9bf elementor-widget-tablet__width-initial elementor-widget elementor-widget-heading\" data-id=\"a49e9bf\" data-element_type=\"widget\" data-e-type=\"widget\" data-widget_type=\"heading.default\">\n\t\t\t\t<div class=\"elementor-widget-container\">\n\t\t\t\t\t<h3 class=\"elementor-heading-title elementor-size-default\">Lehrpraxisideen \u00fcber  die Good Practice Plattform<\/h3>\t\t\t\t<\/div>\n\t\t\t\t<\/div>\n\t\t\t\t<div class=\"elementor-element elementor-element-2787f8b elementor-widget elementor-widget-text-editor\" data-id=\"2787f8b\" data-element_type=\"widget\" data-e-type=\"widget\" data-widget_type=\"text-editor.default\">\n\t\t\t\t<div class=\"elementor-widget-container\">\n\t\t\t\t\t\t\t\t\t<p>Eine Plattform, auf der Lehrende ihre Konzepte guter Lehrpraxis ver\u00f6ffentlichen und sich von Beispielen anderer inspirieren lassen k\u00f6nnen. Die Praxisbeispiele sind strukturiert aufbereitet und lassen sich gezielt filtern, sodass passende Inhalte schnell gefunden werden k\u00f6nnen.<\/p>\t\t\t\t\t\t\t\t<\/div>\n\t\t\t\t<\/div>\n\t\t\t\t<div class=\"elementor-element elementor-element-dd8dc2f elementor-widget elementor-widget-button\" data-id=\"dd8dc2f\" data-element_type=\"widget\" data-e-type=\"widget\" data-widget_type=\"button.default\">\n\t\t\t\t<div class=\"elementor-widget-container\">\n\t\t\t\t\t\t\t\t\t<div class=\"elementor-button-wrapper\">\n\t\t\t\t\t<a class=\"elementor-button elementor-button-link elementor-size-sm\" href=\"https:\/\/www.eteach-thueringen.de\/en\/gpp\/\">\n\t\t\t\t\t\t<span class=\"elementor-button-content-wrapper\">\n\t\t\t\t\t\t\t\t\t<span class=\"elementor-button-text\">Zur Good Practice Plattform<\/span>\n\t\t\t\t\t<\/span>\n\t\t\t\t\t<\/a>\n\t\t\t\t<\/div>\n\t\t\t\t\t\t\t\t<\/div>\n\t\t\t\t<\/div>\n\t\t\t\t<\/div>\n\t\t<div class=\"elementor-element elementor-element-59c5362 e-con-full e-flex e-con e-child\" data-id=\"59c5362\" data-element_type=\"container\" data-e-type=\"container\">\n\t\t\t\t<div class=\"elementor-element elementor-element-ed828bf elementor-widget elementor-widget-heading\" data-id=\"ed828bf\" data-element_type=\"widget\" data-e-type=\"widget\" data-widget_type=\"heading.default\">\n\t\t\t\t<div class=\"elementor-widget-container\">\n\t\t\t\t\t<h3 class=\"elementor-heading-title elementor-size-default\">KI-Experimentierfeld \u00fcber das Open Model Lab<\/h3>\t\t\t\t<\/div>\n\t\t\t\t<\/div>\n\t\t\t\t<div class=\"elementor-element elementor-element-ce545d8 elementor-widget elementor-widget-text-editor\" data-id=\"ce545d8\" data-element_type=\"widget\" data-e-type=\"widget\" data-widget_type=\"text-editor.default\">\n\t\t\t\t<div class=\"elementor-widget-container\">\n\t\t\t\t\t\t\t\t\t<p>Ein offenes, anschlussf\u00e4higes Open-Source-KI-Modell, das Einblicke in Architektur, Trainingsprozesse und Funktionsweise bietet und gezielt f\u00fcr didaktische Szenarien genutzt werden kann f\u00fcr mehr Datensouver\u00e4nit\u00e4t in der Hochschullehre.\u00a0<\/p>\t\t\t\t\t\t\t\t<\/div>\n\t\t\t\t<\/div>\n\t\t\t\t<div class=\"elementor-element elementor-element-15bc898 elementor-widget elementor-widget-button\" data-id=\"15bc898\" data-element_type=\"widget\" data-e-type=\"widget\" data-widget_type=\"button.default\">\n\t\t\t\t<div class=\"elementor-widget-container\">\n\t\t\t\t\t\t\t\t\t<div class=\"elementor-button-wrapper\">\n\t\t\t\t\t<a class=\"elementor-button elementor-button-link elementor-size-sm\" href=\"https:\/\/ki.eteach-thueringen.de\/\" target=\"_blank\">\n\t\t\t\t\t\t<span class=\"elementor-button-content-wrapper\">\n\t\t\t\t\t\t\t\t\t<span class=\"elementor-button-text\">To the Open Model Lab<\/span>\n\t\t\t\t\t<\/span>\n\t\t\t\t\t<\/a>\n\t\t\t\t<\/div>\n\t\t\t\t\t\t\t\t<\/div>\n\t\t\t\t<\/div>\n\t\t\t\t<\/div>\n\t\t\t\t\t<\/div>\n\t\t\t\t<\/div>\n\t\t\t\t\t<\/div>\n\t\t\t\t<\/div>\n\t\t<div class=\"elementor-element elementor-element-7d53165 e-con-full e-flex e-con e-parent\" data-id=\"7d53165\" data-element_type=\"container\" data-e-type=\"container\" data-settings=\"{&quot;background_background&quot;:&quot;gradient&quot;}\">\n\t\t\t\t<div class=\"elementor-element elementor-element-068c981 elementor-widget-divider--view-line elementor-widget elementor-widget-divider\" data-id=\"068c981\" data-element_type=\"widget\" data-e-type=\"widget\" data-widget_type=\"divider.default\">\n\t\t\t\t<div class=\"elementor-widget-container\">\n\t\t\t\t\t\t\t<div class=\"elementor-divider\">\n\t\t\t<span class=\"elementor-divider-separator\">\n\t\t\t\t\t\t<\/span>\n\t\t<\/div>\n\t\t\t\t\t\t<\/div>\n\t\t\t\t<\/div>\n\t\t\t\t<div class=\"elementor-element elementor-element-2189f32 elementor-widget-divider--view-line elementor-widget elementor-widget-divider\" data-id=\"2189f32\" data-element_type=\"widget\" data-e-type=\"widget\" data-widget_type=\"divider.default\">\n\t\t\t\t<div class=\"elementor-widget-container\">\n\t\t\t\t\t\t\t<div class=\"elementor-divider\">\n\t\t\t<span class=\"elementor-divider-separator\">\n\t\t\t\t\t\t<\/span>\n\t\t<\/div>\n\t\t\t\t\t\t<\/div>\n\t\t\t\t<\/div>\n\t\t\t\t<div class=\"elementor-element elementor-element-17ef35f elementor-widget-divider--view-line elementor-widget elementor-widget-divider\" data-id=\"17ef35f\" data-element_type=\"widget\" data-e-type=\"widget\" data-widget_type=\"divider.default\">\n\t\t\t\t<div class=\"elementor-widget-container\">\n\t\t\t\t\t\t\t<div class=\"elementor-divider\">\n\t\t\t<span class=\"elementor-divider-separator\">\n\t\t\t\t\t\t<\/span>\n\t\t<\/div>\n\t\t\t\t\t\t<\/div>\n\t\t\t\t<\/div>\n\t\t\t\t<div class=\"elementor-element elementor-element-3e628d1 elementor-widget-divider--view-line elementor-widget elementor-widget-divider\" data-id=\"3e628d1\" data-element_type=\"widget\" data-e-type=\"widget\" data-widget_type=\"divider.default\">\n\t\t\t\t<div class=\"elementor-widget-container\">\n\t\t\t\t\t\t\t<div class=\"elementor-divider\">\n\t\t\t<span class=\"elementor-divider-separator\">\n\t\t\t\t\t\t<\/span>\n\t\t<\/div>\n\t\t\t\t\t\t<\/div>\n\t\t\t\t<\/div>\n\t\t\t\t<div class=\"elementor-element elementor-element-cc70989 elementor-widget-divider--view-line elementor-widget elementor-widget-divider\" data-id=\"cc70989\" data-element_type=\"widget\" data-e-type=\"widget\" data-widget_type=\"divider.default\">\n\t\t\t\t<div class=\"elementor-widget-container\">\n\t\t\t\t\t\t\t<div class=\"elementor-divider\">\n\t\t\t<span class=\"elementor-divider-separator\">\n\t\t\t\t\t\t<\/span>\n\t\t<\/div>\n\t\t\t\t\t\t<\/div>\n\t\t\t\t<\/div>\n\t\t\t\t<div class=\"elementor-element elementor-element-5195431 elementor-widget-divider--view-line elementor-widget elementor-widget-divider\" data-id=\"5195431\" data-element_type=\"widget\" data-e-type=\"widget\" data-widget_type=\"divider.default\">\n\t\t\t\t<div class=\"elementor-widget-container\">\n\t\t\t\t\t\t\t<div class=\"elementor-divider\">\n\t\t\t<span class=\"elementor-divider-separator\">\n\t\t\t\t\t\t<\/span>\n\t\t<\/div>\n\t\t\t\t\t\t<\/div>\n\t\t\t\t<\/div>\n\t\t\t\t<div class=\"elementor-element elementor-element-e091d74 elementor-widget-divider--view-line elementor-widget elementor-widget-divider\" data-id=\"e091d74\" data-element_type=\"widget\" data-e-type=\"widget\" data-widget_type=\"divider.default\">\n\t\t\t\t<div class=\"elementor-widget-container\">\n\t\t\t\t\t\t\t<div class=\"elementor-divider\">\n\t\t\t<span class=\"elementor-divider-separator\">\n\t\t\t\t\t\t<\/span>\n\t\t<\/div>\n\t\t\t\t\t\t<\/div>\n\t\t\t\t<\/div>\n\t\t\t\t<div class=\"elementor-element elementor-element-31a5f33 elementor-widget-divider--view-line elementor-widget elementor-widget-divider\" data-id=\"31a5f33\" data-element_type=\"widget\" data-e-type=\"widget\" data-widget_type=\"divider.default\">\n\t\t\t\t<div class=\"elementor-widget-container\">\n\t\t\t\t\t\t\t<div class=\"elementor-divider\">\n\t\t\t<span class=\"elementor-divider-separator\">\n\t\t\t\t\t\t<\/span>\n\t\t<\/div>\n\t\t\t\t\t\t<\/div>\n\t\t\t\t<\/div>\n\t\t\t\t<\/div>\n\t\t\t\t<\/div>","protected":false},"excerpt":{"rendered":"<p>teilen Teilen bedeutet im eTeach-Netzwerk Th\u00fcringen, Wissen, Erfahrungen und Ressourcen aktiv zug\u00e4nglich zu machen und gemeinsam weiterzuentwickeln. Ziel ist es, eine hochschul\u00fcbergreifende Community of Practice zu etablieren, in der Lehrende voneinander lernen, sich gegenseitig inspirieren und gemeinsam an der Qualit\u00e4t der Lehre arbeiten. W\u00e4hrend beim Vernetzen der pers\u00f6nliche Austausch und Dialog im Mittelpunkt stehen, geht [&hellip;]<\/p>\n","protected":false},"author":15,"featured_media":0,"parent":0,"menu_order":0,"comment_status":"closed","ping_status":"closed","template":"","meta":{"footnotes":""},"class_list":["post-17952","page","type-page","status-publish","hentry"],"yoast_head":"<!-- This site is optimized with the Yoast SEO plugin v27.4 - https:\/\/yoast.com\/product\/yoast-seo-wordpress\/ -->\n<title>teilen - eTeach-Netzwerk Th\u00fcringen<\/title>\n<meta name=\"robots\" content=\"index, follow, max-snippet:-1, max-image-preview:large, max-video-preview:-1\" \/>\n<link rel=\"canonical\" href=\"https:\/\/www.eteach-thueringen.de\/en\/teilen-2\/\" \/>\n<meta property=\"og:locale\" content=\"en_US\" \/>\n<meta property=\"og:type\" content=\"article\" \/>\n<meta property=\"og:title\" content=\"teilen - eTeach-Netzwerk Th\u00fcringen\" \/>\n<meta property=\"og:description\" content=\"teilen Teilen bedeutet im eTeach-Netzwerk Th\u00fcringen, Wissen, Erfahrungen und Ressourcen aktiv zug\u00e4nglich zu machen und gemeinsam weiterzuentwickeln. Ziel ist es, eine hochschul\u00fcbergreifende Community of Practice zu etablieren, in der Lehrende voneinander lernen, sich gegenseitig inspirieren und gemeinsam an der Qualit\u00e4t der Lehre arbeiten. W\u00e4hrend beim Vernetzen der pers\u00f6nliche Austausch und Dialog im Mittelpunkt stehen, geht [&hellip;]\" \/>\n<meta property=\"og:url\" content=\"https:\/\/www.eteach-thueringen.de\/en\/teilen-2\/\" \/>\n<meta property=\"og:site_name\" content=\"eTeach-Netzwerk Th\u00fcringen\" \/>\n<meta property=\"article:modified_time\" content=\"2026-04-24T12:40:41+00:00\" \/>\n<meta name=\"twitter:card\" content=\"summary_large_image\" \/>\n<meta name=\"twitter:label1\" content=\"Est. reading time\" \/>\n\t<meta name=\"twitter:data1\" content=\"2 minutes\" \/>\n<script type=\"application\/ld+json\" class=\"yoast-schema-graph\">{\"@context\":\"https:\\\/\\\/schema.org\",\"@graph\":[{\"@type\":\"WebPage\",\"@id\":\"https:\\\/\\\/www.eteach-thueringen.de\\\/teilen-2\\\/\",\"url\":\"https:\\\/\\\/www.eteach-thueringen.de\\\/teilen-2\\\/\",\"name\":\"teilen - eTeach-Netzwerk Th\u00fcringen\",\"isPartOf\":{\"@id\":\"https:\\\/\\\/www.eteach-thueringen.de\\\/#website\"},\"datePublished\":\"2026-04-23T12:13:12+00:00\",\"dateModified\":\"2026-04-24T12:40:41+00:00\",\"breadcrumb\":{\"@id\":\"https:\\\/\\\/www.eteach-thueringen.de\\\/teilen-2\\\/#breadcrumb\"},\"inLanguage\":\"en-US\",\"potentialAction\":[{\"@type\":\"ReadAction\",\"target\":[\"https:\\\/\\\/www.eteach-thueringen.de\\\/teilen-2\\\/\"]}]},{\"@type\":\"BreadcrumbList\",\"@id\":\"https:\\\/\\\/www.eteach-thueringen.de\\\/teilen-2\\\/#breadcrumb\",\"itemListElement\":[{\"@type\":\"ListItem\",\"position\":1,\"name\":\"Startseite\",\"item\":\"https:\\\/\\\/www.eteach-thueringen.de\\\/\"},{\"@type\":\"ListItem\",\"position\":2,\"name\":\"teilen\"}]},{\"@type\":\"WebSite\",\"@id\":\"https:\\\/\\\/www.eteach-thueringen.de\\\/#website\",\"url\":\"https:\\\/\\\/www.eteach-thueringen.de\\\/\",\"name\":\"eTeach-Netzwerk Th\u00fcringen\",\"description\":\"\",\"publisher\":{\"@id\":\"https:\\\/\\\/www.eteach-thueringen.de\\\/#organization\"},\"potentialAction\":[{\"@type\":\"SearchAction\",\"target\":{\"@type\":\"EntryPoint\",\"urlTemplate\":\"https:\\\/\\\/www.eteach-thueringen.de\\\/?s={search_term_string}\"},\"query-input\":{\"@type\":\"PropertyValueSpecification\",\"valueRequired\":true,\"valueName\":\"search_term_string\"}}],\"inLanguage\":\"en-US\"},{\"@type\":\"Organization\",\"@id\":\"https:\\\/\\\/www.eteach-thueringen.de\\\/#organization\",\"name\":\"eTeach-Netzwerk Th\u00fcringen\",\"url\":\"https:\\\/\\\/www.eteach-thueringen.de\\\/\",\"logo\":{\"@type\":\"ImageObject\",\"inLanguage\":\"en-US\",\"@id\":\"https:\\\/\\\/www.eteach-thueringen.de\\\/#\\\/schema\\\/logo\\\/image\\\/\",\"url\":\"https:\\\/\\\/www.eteach-thueringen.de\\\/wp-content\\\/uploads\\\/2023\\\/01\\\/eTeach_Logo_offblack_offwhite_rund.png\",\"contentUrl\":\"https:\\\/\\\/www.eteach-thueringen.de\\\/wp-content\\\/uploads\\\/2023\\\/01\\\/eTeach_Logo_offblack_offwhite_rund.png\",\"width\":1151,\"height\":1152,\"caption\":\"eTeach-Netzwerk Th\u00fcringen\"},\"image\":{\"@id\":\"https:\\\/\\\/www.eteach-thueringen.de\\\/#\\\/schema\\\/logo\\\/image\\\/\"},\"sameAs\":[\"https:\\\/\\\/www.instagram.com\\\/eteachnetzwerk.thueringen\\\/\",\"https:\\\/\\\/www.linkedin.com\\\/company\\\/eteach-netzwerk-thringen\\\/\"]}]}<\/script>\n<!-- \/ Yoast SEO plugin. -->","yoast_head_json":{"title":"teilen - eTeach-Netzwerk Th\u00fcringen","robots":{"index":"index","follow":"follow","max-snippet":"max-snippet:-1","max-image-preview":"max-image-preview:large","max-video-preview":"max-video-preview:-1"},"canonical":"https:\/\/www.eteach-thueringen.de\/en\/teilen-2\/","og_locale":"en_US","og_type":"article","og_title":"teilen - eTeach-Netzwerk Th\u00fcringen","og_description":"teilen Teilen bedeutet im eTeach-Netzwerk Th\u00fcringen, Wissen, Erfahrungen und Ressourcen aktiv zug\u00e4nglich zu machen und gemeinsam weiterzuentwickeln. Ziel ist es, eine hochschul\u00fcbergreifende Community of Practice zu etablieren, in der Lehrende voneinander lernen, sich gegenseitig inspirieren und gemeinsam an der Qualit\u00e4t der Lehre arbeiten. W\u00e4hrend beim Vernetzen der pers\u00f6nliche Austausch und Dialog im Mittelpunkt stehen, geht [&hellip;]","og_url":"https:\/\/www.eteach-thueringen.de\/en\/teilen-2\/","og_site_name":"eTeach-Netzwerk Th\u00fcringen","article_modified_time":"2026-04-24T12:40:41+00:00","twitter_card":"summary_large_image","twitter_misc":{"Est. reading time":"2 minutes"},"schema":{"@context":"https:\/\/schema.org","@graph":[{"@type":"WebPage","@id":"https:\/\/www.eteach-thueringen.de\/teilen-2\/","url":"https:\/\/www.eteach-thueringen.de\/teilen-2\/","name":"teilen - eTeach-Netzwerk Th\u00fcringen","isPartOf":{"@id":"https:\/\/www.eteach-thueringen.de\/#website"},"datePublished":"2026-04-23T12:13:12+00:00","dateModified":"2026-04-24T12:40:41+00:00","breadcrumb":{"@id":"https:\/\/www.eteach-thueringen.de\/teilen-2\/#breadcrumb"},"inLanguage":"en-US","potentialAction":[{"@type":"ReadAction","target":["https:\/\/www.eteach-thueringen.de\/teilen-2\/"]}]},{"@type":"BreadcrumbList","@id":"https:\/\/www.eteach-thueringen.de\/teilen-2\/#breadcrumb","itemListElement":[{"@type":"ListItem","position":1,"name":"Startseite","item":"https:\/\/www.eteach-thueringen.de\/"},{"@type":"ListItem","position":2,"name":"teilen"}]},{"@type":"WebSite","@id":"https:\/\/www.eteach-thueringen.de\/#website","url":"https:\/\/www.eteach-thueringen.de\/","name":"eTeach Network Thuringia","description":"","publisher":{"@id":"https:\/\/www.eteach-thueringen.de\/#organization"},"potentialAction":[{"@type":"SearchAction","target":{"@type":"EntryPoint","urlTemplate":"https:\/\/www.eteach-thueringen.de\/?s={search_term_string}"},"query-input":{"@type":"PropertyValueSpecification","valueRequired":true,"valueName":"search_term_string"}}],"inLanguage":"en-US"},{"@type":"Organization","@id":"https:\/\/www.eteach-thueringen.de\/#organization","name":"eTeach Network Thuringia","url":"https:\/\/www.eteach-thueringen.de\/","logo":{"@type":"ImageObject","inLanguage":"en-US","@id":"https:\/\/www.eteach-thueringen.de\/#\/schema\/logo\/image\/","url":"https:\/\/www.eteach-thueringen.de\/wp-content\/uploads\/2023\/01\/eTeach_Logo_offblack_offwhite_rund.png","contentUrl":"https:\/\/www.eteach-thueringen.de\/wp-content\/uploads\/2023\/01\/eTeach_Logo_offblack_offwhite_rund.png","width":1151,"height":1152,"caption":"eTeach-Netzwerk Th\u00fcringen"},"image":{"@id":"https:\/\/www.eteach-thueringen.de\/#\/schema\/logo\/image\/"},"sameAs":["https:\/\/www.instagram.com\/eteachnetzwerk.thueringen\/","https:\/\/www.linkedin.com\/company\/eteach-netzwerk-thringen\/"]}]}},"_links":{"self":[{"href":"https:\/\/www.eteach-thueringen.de\/en\/wp-json\/wp\/v2\/pages\/17952","targetHints":{"allow":["GET"]}}],"collection":[{"href":"https:\/\/www.eteach-thueringen.de\/en\/wp-json\/wp\/v2\/pages"}],"about":[{"href":"https:\/\/www.eteach-thueringen.de\/en\/wp-json\/wp\/v2\/types\/page"}],"author":[{"embeddable":true,"href":"https:\/\/www.eteach-thueringen.de\/en\/wp-json\/wp\/v2\/users\/15"}],"replies":[{"embeddable":true,"href":"https:\/\/www.eteach-thueringen.de\/en\/wp-json\/wp\/v2\/comments?post=17952"}],"version-history":[{"count":13,"href":"https:\/\/www.eteach-thueringen.de\/en\/wp-json\/wp\/v2\/pages\/17952\/revisions"}],"predecessor-version":[{"id":18034,"href":"https:\/\/www.eteach-thueringen.de\/en\/wp-json\/wp\/v2\/pages\/17952\/revisions\/18034"}],"wp:attachment":[{"href":"https:\/\/www.eteach-thueringen.de\/en\/wp-json\/wp\/v2\/media?parent=17952"}],"curies":[{"name":"wp","href":"https:\/\/api.w.org\/{rel}","templated":true}]}}