{"id":16431,"date":"2026-01-07T14:33:46","date_gmt":"2026-01-07T13:33:46","guid":{"rendered":"https:\/\/www.eteach-thueringen.de\/?page_id=16431"},"modified":"2026-02-09T11:31:24","modified_gmt":"2026-02-09T10:31:24","slug":"ki-networking-meeting","status":"publish","type":"page","link":"https:\/\/www.eteach-thueringen.de\/en\/ki-vernetzungstreffen\/","title":{"rendered":"AI networking meeting"},"content":{"rendered":"\t\t<div data-elementor-type=\"wp-page\" data-elementor-id=\"16431\" class=\"elementor elementor-16431\" data-elementor-post-type=\"page\">\n\t\t\t\t<div class=\"elementor-element elementor-element-3e6a7b4 e-flex e-con-boxed e-con e-parent\" data-id=\"3e6a7b4\" data-element_type=\"container\" data-e-type=\"container\">\n\t\t\t\t\t<div class=\"e-con-inner\">\n\t\t<div class=\"elementor-element elementor-element-f3fd747 e-con-full e-flex e-con e-child\" data-id=\"f3fd747\" data-element_type=\"container\" data-e-type=\"container\">\n\t\t<div class=\"elementor-element elementor-element-790096f e-con-full e-flex e-con e-child\" data-id=\"790096f\" data-element_type=\"container\" data-e-type=\"container\">\n\t\t\t\t<div class=\"elementor-element elementor-element-62d2c5d elementor-widget__width-initial elementor-widget elementor-widget-heading\" data-id=\"62d2c5d\" data-element_type=\"widget\" data-e-type=\"widget\" data-widget_type=\"heading.default\">\n\t\t\t\t<div class=\"elementor-widget-container\">\n\t\t\t\t\t<h1 class=\"elementor-heading-title elementor-size-default\">KI-Vernetzungstreffen<\/h1>\t\t\t\t<\/div>\n\t\t\t\t<\/div>\n\t\t\t\t<\/div>\n\t\t\t\t<\/div>\n\t\t\t\t\t<\/div>\n\t\t\t\t<\/div>\n\t\t<div class=\"elementor-element elementor-element-0f2d8e8 e-con-full e-flex e-con e-parent\" data-id=\"0f2d8e8\" data-element_type=\"container\" data-e-type=\"container\" data-settings=\"{&quot;background_background&quot;:&quot;gradient&quot;}\">\n\t\t<div class=\"elementor-element elementor-element-b76a9ec gradient-cont-violett e-flex e-con-boxed e-con e-child\" data-id=\"b76a9ec\" data-element_type=\"container\" data-e-type=\"container\" data-settings=\"{&quot;background_background&quot;:&quot;gradient&quot;}\">\n\t\t\t\t\t<div class=\"e-con-inner\">\n\t\t<div class=\"elementor-element elementor-element-abc2378 e-con-full blue-box e-flex e-con e-child\" data-id=\"abc2378\" data-element_type=\"container\" data-e-type=\"container\">\n\t\t\t\t<div class=\"elementor-element elementor-element-8c70c92 elementor-widget__width-initial elementor-widget-tablet__width-inherit elementor-widget-mobile__width-initial elementor-widget elementor-widget-text-editor\" data-id=\"8c70c92\" data-element_type=\"widget\" data-e-type=\"widget\" data-widget_type=\"text-editor.default\">\n\t\t\t\t<div class=\"elementor-widget-container\">\n\t\t\t\t\t\t\t\t\t<p>Die Treffen bieten Lehrenden und Mitarbeitenden aus lehrnahen Servicebereichen der Th\u00fcringer Hochschulen einen Raum, ihre aktuellen Projekte oder Projektideen vorzustellen, sich auszutauschen und sich zu vernetzen. Dabei k\u00f6nnen M\u00f6glichkeiten f\u00fcr verschiedene Formen der Zusammenarbeit ausgelotet und etwa auch ein Netzwerk f\u00fcr zuk\u00fcnftige Kooperationen gekn\u00fcpft werden. Das kann f\u00fcr F\u00f6rderformate des eTeach-Netzwerks, aber auch f\u00fcr andere Gelegenheiten von gro\u00dfem Nutzen sein. Vernetzung, gemeinsam Ideen spinnen oder Fachfragen austauschen, sind aber ebenso Ziele der Vernetzungsidee.<\/p>\t\t\t\t\t\t\t\t<\/div>\n\t\t\t\t<\/div>\n\t\t\t\t<\/div>\n\t\t<div class=\"elementor-element elementor-element-c5a16bc e-con-full e-flex e-con e-child\" data-id=\"c5a16bc\" data-element_type=\"container\" data-e-type=\"container\" data-settings=\"{&quot;background_background&quot;:&quot;classic&quot;}\">\n\t\t<div class=\"elementor-element elementor-element-2d7d4cc e-flex e-con-boxed e-con e-child\" data-id=\"2d7d4cc\" data-element_type=\"container\" data-e-type=\"container\" data-settings=\"{&quot;background_background&quot;:&quot;classic&quot;,&quot;animation&quot;:&quot;none&quot;}\">\n\t\t\t\t\t<div class=\"e-con-inner\">\n\t\t\t\t<div class=\"elementor-element elementor-element-a1f4ec9 elementor-widget elementor-widget-heading\" data-id=\"a1f4ec9\" data-element_type=\"widget\" data-e-type=\"widget\" data-widget_type=\"heading.default\">\n\t\t\t\t<div class=\"elementor-widget-container\">\n\t\t\t\t\t<h3 class=\"elementor-heading-title elementor-size-default\">Ansprechpartnerin<\/h3>\t\t\t\t<\/div>\n\t\t\t\t<\/div>\n\t\t\t\t<div class=\"elementor-element elementor-element-2928c34 elementor-icon-list--layout-traditional elementor-list-item-link-full_width elementor-widget elementor-widget-icon-list\" data-id=\"2928c34\" data-element_type=\"widget\" data-e-type=\"widget\" data-widget_type=\"icon-list.default\">\n\t\t\t\t<div class=\"elementor-widget-container\">\n\t\t\t\t\t\t\t<ul class=\"elementor-icon-list-items\">\n\t\t\t\t\t\t\t<li class=\"elementor-icon-list-item\">\n\t\t\t\t\t\t\t\t\t\t\t<a href=\"tel:+4903643581274\">\n\n\t\t\t\t\t\t\t\t\t\t\t\t<span class=\"elementor-icon-list-icon\">\n\t\t\t\t\t\t\t<i aria-hidden=\"true\" class=\"fas fa-user\"><\/i>\t\t\t\t\t\t<\/span>\n\t\t\t\t\t\t\t\t\t\t<span class=\"elementor-icon-list-text\"><span style=\"font-size: 14px\"><br><b>Nicole Baron<\/b><\/span>  <br><span style=\"font-size: 14px\">Kontaktstelle Bauhaus-Universit\u00e4t Weimar<\/span><\/span>\n\t\t\t\t\t\t\t\t\t\t\t<\/a>\n\t\t\t\t\t\t\t\t\t<\/li>\n\t\t\t\t\t\t\t\t<li class=\"elementor-icon-list-item\">\n\t\t\t\t\t\t\t\t\t\t\t<a href=\"tel:+4903643581274\">\n\n\t\t\t\t\t\t\t\t\t\t\t\t<span class=\"elementor-icon-list-icon\">\n\t\t\t\t\t\t\t<i aria-hidden=\"true\" class=\"fas fa-phone-alt\"><\/i>\t\t\t\t\t\t<\/span>\n\t\t\t\t\t\t\t\t\t\t<span class=\"elementor-icon-list-text\">+49 (0) 3643 \/ 58 12 74<\/span>\n\t\t\t\t\t\t\t\t\t\t\t<\/a>\n\t\t\t\t\t\t\t\t\t<\/li>\n\t\t\t\t\t\t\t\t<li class=\"elementor-icon-list-item\">\n\t\t\t\t\t\t\t\t\t\t\t<a href=\"mailto:nicole.baron@uni-weimar.de@uni-weimar.de\">\n\n\t\t\t\t\t\t\t\t\t\t\t\t<span class=\"elementor-icon-list-icon\">\n\t\t\t\t\t\t\t<i aria-hidden=\"true\" class=\"fas fa-envelope\"><\/i>\t\t\t\t\t\t<\/span>\n\t\t\t\t\t\t\t\t\t\t<span class=\"elementor-icon-list-text\">nicole.baron@uni-weimar.de<\/span>\n\t\t\t\t\t\t\t\t\t\t\t<\/a>\n\t\t\t\t\t\t\t\t\t<\/li>\n\t\t\t\t\t\t<\/ul>\n\t\t\t\t\t\t<\/div>\n\t\t\t\t<\/div>\n\t\t\t\t\t<\/div>\n\t\t\t\t<\/div>\n\t\t\t\t<\/div>\n\t\t\t\t\t<\/div>\n\t\t\t\t<\/div>\n\t\t\t\t<\/div>\n\t\t<div class=\"elementor-element elementor-element-8e7ae48 e-flex e-con-boxed e-con e-parent\" data-id=\"8e7ae48\" data-element_type=\"container\" data-e-type=\"container\">\n\t\t\t\t\t<div class=\"e-con-inner\">\n\t\t<div class=\"elementor-element elementor-element-bf28b05 e-con-full e-flex e-con e-child\" data-id=\"bf28b05\" data-element_type=\"container\" data-e-type=\"container\" 5=\"5\">\n\t\t\t\t<div class=\"elementor-element elementor-element-d8d706f elementor-widget elementor-widget-heading\" data-id=\"d8d706f\" data-element_type=\"widget\" data-e-type=\"widget\" data-widget_type=\"heading.default\">\n\t\t\t\t<div class=\"elementor-widget-container\">\n\t\t\t\t\t<h2 class=\"elementor-heading-title elementor-size-default\">Haben Sie Interesse, sich zum Thema KI regelm\u00e4\u00dfig auszutauschen?<\/h2>\t\t\t\t<\/div>\n\t\t\t\t<\/div>\n\t\t\t\t<div class=\"elementor-element elementor-element-526ec66 elementor-widget elementor-widget-text-editor\" data-id=\"526ec66\" data-element_type=\"widget\" data-e-type=\"widget\" data-widget_type=\"text-editor.default\">\n\t\t\t\t<div class=\"elementor-widget-container\">\n\t\t\t\t\t\t\t\t\t<p>Kommen Sie mit Expert*innen zum Thema KI in der Lehre ins Gespr\u00e4ch! Die Treffen finden zweimal j\u00e4hrlich statt: Im ersten Quartal des Jahres, <strong>konkret am 23. M\u00e4rz von 13:00 &#8211; 14:30 Uhr<\/strong>, treffen wir uns online \u00fcber unser Webkonferenzsystem BigBlueButton. Im dritten Quartal findet das Treffen in Pr\u00e4senz an einer der Th\u00fcringer Hochschulen statt. Genaue Informationen dazu erhalten Sie jeweils mit ausreichendem Vorlauf.<\/p><p><a href=\"https:\/\/www.eteach-thueringen.de\/kurse\/vernetzungstreffen-ki-in-der-lehre\/\" target=\"_blank\" rel=\"noopener\">&gt;&gt;&gt; Die Veranstaltungsseite mit genaueren Informationen f\u00fcr das Vernetzungstreffen am 23. M\u00e4rz finden Sie hier!<\/a><\/p>\t\t\t\t\t\t\t\t<\/div>\n\t\t\t\t<\/div>\n\t\t\t\t<div class=\"elementor-element elementor-element-ae00a27 elementor-widget elementor-widget-button\" data-id=\"ae00a27\" data-element_type=\"widget\" data-e-type=\"widget\" data-widget_type=\"button.default\">\n\t\t\t\t<div class=\"elementor-widget-container\">\n\t\t\t\t\t\t\t\t\t<div class=\"elementor-button-wrapper\">\n\t\t\t\t\t<a class=\"elementor-button elementor-button-link elementor-size-sm\" href=\"https:\/\/meeting.uni-weimar.de\/b\/rooms\/nic-e3y-xbx-vo1\/join\">\n\t\t\t\t\t\t<span class=\"elementor-button-content-wrapper\">\n\t\t\t\t\t\t\t\t\t<span class=\"elementor-button-text\">Hier geht's zum Online-Vernetzungstreffen!<\/span>\n\t\t\t\t\t<\/span>\n\t\t\t\t\t<\/a>\n\t\t\t\t<\/div>\n\t\t\t\t\t\t\t\t<\/div>\n\t\t\t\t<\/div>\n\t\t\t\t<div class=\"elementor-element elementor-element-ffc0f50 elementor-widget elementor-widget-text-editor\" data-id=\"ffc0f50\" data-element_type=\"widget\" data-e-type=\"widget\" data-widget_type=\"text-editor.default\">\n\t\t\t\t<div class=\"elementor-widget-container\">\n\t\t\t\t\t\t\t\t\t<h3>Melden Sie sich f\u00fcr die Mailingliste des KI-Vernetzungstreffens an!<\/h3>\t\t\t\t\t\t\t\t<\/div>\n\t\t\t\t<\/div>\n\t\t\t\t<div class=\"elementor-element elementor-element-821d9a5 elementor-widget elementor-widget-text-editor\" data-id=\"821d9a5\" data-element_type=\"widget\" data-e-type=\"widget\" data-widget_type=\"text-editor.default\">\n\t\t\t\t<div class=\"elementor-widget-container\">\n\t\t\t\t\t\t\t\t\t<p>Sie wollen keine Informationen \u00fcber unsere KI-Vernetzungstreffen verpassen? Dann melden Sie sich nachfolgend f\u00fcr unsere Mailingliste an! Sie k\u00f6nnen uns gern auch spezielle Fragestellungen und Themen nennen, f\u00fcr die Sie sich im Kontext generativer KI in der Hochschullehre besonders interessieren.<\/p>\t\t\t\t\t\t\t\t<\/div>\n\t\t\t\t<\/div>\n\t\t\t\t<div class=\"elementor-element elementor-element-777571f elementor-button-align-stretch elementor-widget elementor-widget-form\" data-id=\"777571f\" data-element_type=\"widget\" data-e-type=\"widget\" data-settings=\"{&quot;button_width&quot;:&quot;25&quot;,&quot;step_next_label&quot;:&quot;N\\u00e4chster&quot;,&quot;step_previous_label&quot;:&quot;Voriger&quot;,&quot;step_type&quot;:&quot;number_text&quot;,&quot;step_icon_shape&quot;:&quot;circle&quot;}\" data-widget_type=\"form.default\">\n\t\t\t\t<div class=\"elementor-widget-container\">\n\t\t\t\t\t\t\t<form class=\"elementor-form\" method=\"post\" name=\"Neues Formular\" aria-label=\"Neues Formular\">\n\t\t\t<input type=\"hidden\" name=\"post_id\" value=\"16431\"\/>\n\t\t\t<input type=\"hidden\" name=\"form_id\" value=\"777571f\"\/>\n\t\t\t<input type=\"hidden\" name=\"referer_title\" value=\"KI-Vernetzungstreffen - eTeach-Netzwerk Th\u00fcringen\" \/>\n\n\t\t\t\t\t\t\t<input type=\"hidden\" name=\"queried_id\" value=\"16431\"\/>\n\t\t\t\n\t\t\t<div class=\"elementor-form-fields-wrapper elementor-labels-above\">\n\t\t\t\t\t\t\t\t<div class=\"elementor-field-type-text elementor-field-group elementor-column elementor-field-group-name elementor-col-50 elementor-field-required elementor-mark-required\">\n\t\t\t\t\t\t\t\t\t\t\t\t<label for=\"form-field-name\" class=\"elementor-field-label\">\n\t\t\t\t\t\t\t\tName, Vorname\t\t\t\t\t\t\t<\/label>\n\t\t\t\t\t\t\t\t\t\t\t\t\t\t<input size=\"1\" type=\"text\" name=\"form_fields[name]\" id=\"form-field-name\" class=\"elementor-field elementor-size-sm  elementor-field-textual\" required=\"required\">\n\t\t\t\t\t\t\t\t\t\t\t<\/div>\n\t\t\t\t\t\t\t\t<div class=\"elementor-field-type-email elementor-field-group elementor-column elementor-field-group-email elementor-col-50 elementor-field-required elementor-mark-required\">\n\t\t\t\t\t\t\t\t\t\t\t\t<label for=\"form-field-email\" class=\"elementor-field-label\">\n\t\t\t\t\t\t\t\tE-Mail-Adresse\t\t\t\t\t\t\t<\/label>\n\t\t\t\t\t\t\t\t\t\t\t\t\t\t<input size=\"1\" type=\"email\" name=\"form_fields[email]\" id=\"form-field-email\" class=\"elementor-field elementor-size-sm  elementor-field-textual\" required=\"required\">\n\t\t\t\t\t\t\t\t\t\t\t<\/div>\n\t\t\t\t\t\t\t\t<div class=\"elementor-field-type-text elementor-field-group elementor-column elementor-field-group-field_39cc944 elementor-col-50\">\n\t\t\t\t\t\t\t\t\t\t\t\t<label for=\"form-field-field_39cc944\" class=\"elementor-field-label\">\n\t\t\t\t\t\t\t\tUni \/ Hochschule\t\t\t\t\t\t\t<\/label>\n\t\t\t\t\t\t\t\t\t\t\t\t\t\t<input size=\"1\" type=\"text\" name=\"form_fields[field_39cc944]\" id=\"form-field-field_39cc944\" class=\"elementor-field elementor-size-sm  elementor-field-textual\">\n\t\t\t\t\t\t\t\t\t\t\t<\/div>\n\t\t\t\t\t\t\t\t<div class=\"elementor-field-type-text elementor-field-group elementor-column elementor-field-group-field_5d463b0 elementor-col-50\">\n\t\t\t\t\t\t\t\t\t\t\t\t<label for=\"form-field-field_5d463b0\" class=\"elementor-field-label\">\n\t\t\t\t\t\t\t\tFachbereich \/ Funktion\t\t\t\t\t\t\t<\/label>\n\t\t\t\t\t\t\t\t\t\t\t\t\t\t<input size=\"1\" type=\"text\" name=\"form_fields[field_5d463b0]\" id=\"form-field-field_5d463b0\" class=\"elementor-field elementor-size-sm  elementor-field-textual\">\n\t\t\t\t\t\t\t\t\t\t\t<\/div>\n\t\t\t\t\t\t\t\t<div class=\"elementor-field-type-textarea elementor-field-group elementor-column elementor-field-group-field_983abfb elementor-col-100\">\n\t\t\t\t\t\t\t\t\t\t\t\t<label for=\"form-field-field_983abfb\" class=\"elementor-field-label\">\n\t\t\t\t\t\t\t\tWelche KI-Themen interessieren Sie im Speziellen?\t\t\t\t\t\t\t<\/label>\n\t\t\t\t\t\t<textarea class=\"elementor-field-textual elementor-field  elementor-size-sm\" name=\"form_fields[field_983abfb]\" id=\"form-field-field_983abfb\" rows=\"4\" placeholder=\"z.B. KI &amp; ChatBots, Datenschutz, Ethik, Learning Analytics etc.\"><\/textarea>\t\t\t\t<\/div>\n\t\t\t\t\t\t\t\t<div class=\"elementor-field-group elementor-column elementor-field-type-submit elementor-col-25 e-form__buttons\">\n\t\t\t\t\t<button class=\"elementor-button elementor-size-sm\" type=\"submit\">\n\t\t\t\t\t\t<span class=\"elementor-button-content-wrapper\">\n\t\t\t\t\t\t\t\t\t\t\t\t\t\t\t\t\t\t\t\t\t\t<span class=\"elementor-button-text\">Senden<\/span>\n\t\t\t\t\t\t\t\t\t\t\t\t\t<\/span>\n\t\t\t\t\t<\/button>\n\t\t\t\t<\/div>\n\t\t\t<\/div>\n\t\t<\/form>\n\t\t\t\t\t\t<\/div>\n\t\t\t\t<\/div>\n\t\t\t\t<\/div>\n\t\t\t\t\t<\/div>\n\t\t\t\t<\/div>\n\t\t\t\t<\/div>\n\t\t","protected":false},"excerpt":{"rendered":"<p>KI-Vernetzungstreffen Die Treffen bieten Lehrenden und Mitarbeitenden aus lehrnahen Servicebereichen der Th\u00fcringer Hochschulen einen Raum, ihre aktuellen Projekte oder Projektideen vorzustellen, sich auszutauschen und sich zu vernetzen. Dabei k\u00f6nnen M\u00f6glichkeiten f\u00fcr verschiedene Formen der Zusammenarbeit ausgelotet und etwa auch ein Netzwerk f\u00fcr zuk\u00fcnftige Kooperationen gekn\u00fcpft werden. Das kann f\u00fcr F\u00f6rderformate des eTeach-Netzwerks, aber auch f\u00fcr [&hellip;]<\/p>\n","protected":false},"author":15,"featured_media":0,"parent":0,"menu_order":0,"comment_status":"closed","ping_status":"closed","template":"","meta":{"footnotes":""},"class_list":["post-16431","page","type-page","status-publish","hentry"],"yoast_head":"<!-- This site is optimized with the Yoast SEO plugin v27.4 - https:\/\/yoast.com\/product\/yoast-seo-wordpress\/ -->\n<title>KI-Vernetzungstreffen - eTeach-Netzwerk Th\u00fcringen<\/title>\n<meta name=\"robots\" content=\"index, follow, max-snippet:-1, max-image-preview:large, max-video-preview:-1\" \/>\n<link rel=\"canonical\" href=\"https:\/\/www.eteach-thueringen.de\/en\/ki-networking-meeting\/\" \/>\n<meta property=\"og:locale\" content=\"en_US\" \/>\n<meta property=\"og:type\" content=\"article\" \/>\n<meta property=\"og:title\" content=\"KI-Vernetzungstreffen - eTeach-Netzwerk Th\u00fcringen\" \/>\n<meta property=\"og:description\" content=\"KI-Vernetzungstreffen Die Treffen bieten Lehrenden und Mitarbeitenden aus lehrnahen Servicebereichen der Th\u00fcringer Hochschulen einen Raum, ihre aktuellen Projekte oder Projektideen vorzustellen, sich auszutauschen und sich zu vernetzen. Dabei k\u00f6nnen M\u00f6glichkeiten f\u00fcr verschiedene Formen der Zusammenarbeit ausgelotet und etwa auch ein Netzwerk f\u00fcr zuk\u00fcnftige Kooperationen gekn\u00fcpft werden. Das kann f\u00fcr F\u00f6rderformate des eTeach-Netzwerks, aber auch f\u00fcr [&hellip;]\" \/>\n<meta property=\"og:url\" content=\"https:\/\/www.eteach-thueringen.de\/en\/ki-networking-meeting\/\" \/>\n<meta property=\"og:site_name\" content=\"eTeach-Netzwerk Th\u00fcringen\" \/>\n<meta property=\"article:modified_time\" content=\"2026-02-09T10:31:24+00:00\" \/>\n<meta name=\"twitter:card\" content=\"summary_large_image\" \/>\n<meta name=\"twitter:label1\" content=\"Est. reading time\" \/>\n\t<meta name=\"twitter:data1\" content=\"2 minutes\" \/>\n<script type=\"application\/ld+json\" class=\"yoast-schema-graph\">{\"@context\":\"https:\\\/\\\/schema.org\",\"@graph\":[{\"@type\":\"WebPage\",\"@id\":\"https:\\\/\\\/www.eteach-thueringen.de\\\/ki-vernetzungstreffen\\\/\",\"url\":\"https:\\\/\\\/www.eteach-thueringen.de\\\/ki-vernetzungstreffen\\\/\",\"name\":\"KI-Vernetzungstreffen - eTeach-Netzwerk Th\u00fcringen\",\"isPartOf\":{\"@id\":\"https:\\\/\\\/www.eteach-thueringen.de\\\/#website\"},\"datePublished\":\"2026-01-07T13:33:46+00:00\",\"dateModified\":\"2026-02-09T10:31:24+00:00\",\"breadcrumb\":{\"@id\":\"https:\\\/\\\/www.eteach-thueringen.de\\\/ki-vernetzungstreffen\\\/#breadcrumb\"},\"inLanguage\":\"en-US\",\"potentialAction\":[{\"@type\":\"ReadAction\",\"target\":[\"https:\\\/\\\/www.eteach-thueringen.de\\\/ki-vernetzungstreffen\\\/\"]}]},{\"@type\":\"BreadcrumbList\",\"@id\":\"https:\\\/\\\/www.eteach-thueringen.de\\\/ki-vernetzungstreffen\\\/#breadcrumb\",\"itemListElement\":[{\"@type\":\"ListItem\",\"position\":1,\"name\":\"Startseite\",\"item\":\"https:\\\/\\\/www.eteach-thueringen.de\\\/\"},{\"@type\":\"ListItem\",\"position\":2,\"name\":\"KI-Vernetzungstreffen\"}]},{\"@type\":\"WebSite\",\"@id\":\"https:\\\/\\\/www.eteach-thueringen.de\\\/#website\",\"url\":\"https:\\\/\\\/www.eteach-thueringen.de\\\/\",\"name\":\"eTeach-Netzwerk Th\u00fcringen\",\"description\":\"\",\"publisher\":{\"@id\":\"https:\\\/\\\/www.eteach-thueringen.de\\\/#organization\"},\"potentialAction\":[{\"@type\":\"SearchAction\",\"target\":{\"@type\":\"EntryPoint\",\"urlTemplate\":\"https:\\\/\\\/www.eteach-thueringen.de\\\/?s={search_term_string}\"},\"query-input\":{\"@type\":\"PropertyValueSpecification\",\"valueRequired\":true,\"valueName\":\"search_term_string\"}}],\"inLanguage\":\"en-US\"},{\"@type\":\"Organization\",\"@id\":\"https:\\\/\\\/www.eteach-thueringen.de\\\/#organization\",\"name\":\"eTeach-Netzwerk Th\u00fcringen\",\"url\":\"https:\\\/\\\/www.eteach-thueringen.de\\\/\",\"logo\":{\"@type\":\"ImageObject\",\"inLanguage\":\"en-US\",\"@id\":\"https:\\\/\\\/www.eteach-thueringen.de\\\/#\\\/schema\\\/logo\\\/image\\\/\",\"url\":\"https:\\\/\\\/www.eteach-thueringen.de\\\/wp-content\\\/uploads\\\/2023\\\/01\\\/eTeach_Logo_offblack_offwhite_rund.png\",\"contentUrl\":\"https:\\\/\\\/www.eteach-thueringen.de\\\/wp-content\\\/uploads\\\/2023\\\/01\\\/eTeach_Logo_offblack_offwhite_rund.png\",\"width\":1151,\"height\":1152,\"caption\":\"eTeach-Netzwerk Th\u00fcringen\"},\"image\":{\"@id\":\"https:\\\/\\\/www.eteach-thueringen.de\\\/#\\\/schema\\\/logo\\\/image\\\/\"},\"sameAs\":[\"https:\\\/\\\/www.instagram.com\\\/eteachnetzwerk.thueringen\\\/\",\"https:\\\/\\\/www.linkedin.com\\\/company\\\/eteach-netzwerk-thringen\\\/\"]}]}<\/script>\n<!-- \/ Yoast SEO plugin. -->","yoast_head_json":{"title":"AI networking meeting - eTeach Network Thuringia","robots":{"index":"index","follow":"follow","max-snippet":"max-snippet:-1","max-image-preview":"max-image-preview:large","max-video-preview":"max-video-preview:-1"},"canonical":"https:\/\/www.eteach-thueringen.de\/en\/ki-networking-meeting\/","og_locale":"en_US","og_type":"article","og_title":"KI-Vernetzungstreffen - eTeach-Netzwerk Th\u00fcringen","og_description":"KI-Vernetzungstreffen Die Treffen bieten Lehrenden und Mitarbeitenden aus lehrnahen Servicebereichen der Th\u00fcringer Hochschulen einen Raum, ihre aktuellen Projekte oder Projektideen vorzustellen, sich auszutauschen und sich zu vernetzen. Dabei k\u00f6nnen M\u00f6glichkeiten f\u00fcr verschiedene Formen der Zusammenarbeit ausgelotet und etwa auch ein Netzwerk f\u00fcr zuk\u00fcnftige Kooperationen gekn\u00fcpft werden. Das kann f\u00fcr F\u00f6rderformate des eTeach-Netzwerks, aber auch f\u00fcr [&hellip;]","og_url":"https:\/\/www.eteach-thueringen.de\/en\/ki-networking-meeting\/","og_site_name":"eTeach-Netzwerk Th\u00fcringen","article_modified_time":"2026-02-09T10:31:24+00:00","twitter_card":"summary_large_image","twitter_misc":{"Est. reading time":"2 minutes"},"schema":{"@context":"https:\/\/schema.org","@graph":[{"@type":"WebPage","@id":"https:\/\/www.eteach-thueringen.de\/ki-vernetzungstreffen\/","url":"https:\/\/www.eteach-thueringen.de\/ki-vernetzungstreffen\/","name":"AI networking meeting - eTeach Network Thuringia","isPartOf":{"@id":"https:\/\/www.eteach-thueringen.de\/#website"},"datePublished":"2026-01-07T13:33:46+00:00","dateModified":"2026-02-09T10:31:24+00:00","breadcrumb":{"@id":"https:\/\/www.eteach-thueringen.de\/ki-vernetzungstreffen\/#breadcrumb"},"inLanguage":"en-US","potentialAction":[{"@type":"ReadAction","target":["https:\/\/www.eteach-thueringen.de\/ki-vernetzungstreffen\/"]}]},{"@type":"BreadcrumbList","@id":"https:\/\/www.eteach-thueringen.de\/ki-vernetzungstreffen\/#breadcrumb","itemListElement":[{"@type":"ListItem","position":1,"name":"Startseite","item":"https:\/\/www.eteach-thueringen.de\/"},{"@type":"ListItem","position":2,"name":"KI-Vernetzungstreffen"}]},{"@type":"WebSite","@id":"https:\/\/www.eteach-thueringen.de\/#website","url":"https:\/\/www.eteach-thueringen.de\/","name":"eTeach Network Thuringia","description":"","publisher":{"@id":"https:\/\/www.eteach-thueringen.de\/#organization"},"potentialAction":[{"@type":"SearchAction","target":{"@type":"EntryPoint","urlTemplate":"https:\/\/www.eteach-thueringen.de\/?s={search_term_string}"},"query-input":{"@type":"PropertyValueSpecification","valueRequired":true,"valueName":"search_term_string"}}],"inLanguage":"en-US"},{"@type":"Organization","@id":"https:\/\/www.eteach-thueringen.de\/#organization","name":"eTeach Network Thuringia","url":"https:\/\/www.eteach-thueringen.de\/","logo":{"@type":"ImageObject","inLanguage":"en-US","@id":"https:\/\/www.eteach-thueringen.de\/#\/schema\/logo\/image\/","url":"https:\/\/www.eteach-thueringen.de\/wp-content\/uploads\/2023\/01\/eTeach_Logo_offblack_offwhite_rund.png","contentUrl":"https:\/\/www.eteach-thueringen.de\/wp-content\/uploads\/2023\/01\/eTeach_Logo_offblack_offwhite_rund.png","width":1151,"height":1152,"caption":"eTeach-Netzwerk Th\u00fcringen"},"image":{"@id":"https:\/\/www.eteach-thueringen.de\/#\/schema\/logo\/image\/"},"sameAs":["https:\/\/www.instagram.com\/eteachnetzwerk.thueringen\/","https:\/\/www.linkedin.com\/company\/eteach-netzwerk-thringen\/"]}]}},"_links":{"self":[{"href":"https:\/\/www.eteach-thueringen.de\/en\/wp-json\/wp\/v2\/pages\/16431","targetHints":{"allow":["GET"]}}],"collection":[{"href":"https:\/\/www.eteach-thueringen.de\/en\/wp-json\/wp\/v2\/pages"}],"about":[{"href":"https:\/\/www.eteach-thueringen.de\/en\/wp-json\/wp\/v2\/types\/page"}],"author":[{"embeddable":true,"href":"https:\/\/www.eteach-thueringen.de\/en\/wp-json\/wp\/v2\/users\/15"}],"replies":[{"embeddable":true,"href":"https:\/\/www.eteach-thueringen.de\/en\/wp-json\/wp\/v2\/comments?post=16431"}],"version-history":[{"count":78,"href":"https:\/\/www.eteach-thueringen.de\/en\/wp-json\/wp\/v2\/pages\/16431\/revisions"}],"predecessor-version":[{"id":16729,"href":"https:\/\/www.eteach-thueringen.de\/en\/wp-json\/wp\/v2\/pages\/16431\/revisions\/16729"}],"wp:attachment":[{"href":"https:\/\/www.eteach-thueringen.de\/en\/wp-json\/wp\/v2\/media?parent=16431"}],"curies":[{"name":"wp","href":"https:\/\/api.w.org\/{rel}","templated":true}]}}