{"id":12167,"date":"2024-11-25T16:22:03","date_gmt":"2024-11-25T15:22:03","guid":{"rendered":"https:\/\/www.eteach-thueringen.de\/?page_id=12167"},"modified":"2024-11-25T16:26:25","modified_gmt":"2024-11-25T15:26:25","slug":"talkseteach-the-virtual-campus-thuringia","status":"publish","type":"page","link":"https:\/\/www.eteach-thueringen.de\/en\/talkseteach-der-virtuelle-campus-thueringen\/","title":{"rendered":"Talks@eTeach: The Virtual Campus Thuringia"},"content":{"rendered":"<div data-elementor-type=\"wp-page\" data-elementor-id=\"12167\" class=\"elementor elementor-12167\" data-elementor-post-type=\"page\">\n\t\t\t\t<div class=\"elementor-element elementor-element-8d37006 e-flex e-con-boxed e-con e-parent\" data-id=\"8d37006\" data-element_type=\"container\" data-e-type=\"container\">\n\t\t\t\t\t<div class=\"e-con-inner\">\n\t\t<div class=\"elementor-element elementor-element-bd1ef1f e-con-full e-flex e-con e-child\" data-id=\"bd1ef1f\" data-element_type=\"container\" data-e-type=\"container\">\n\t\t\t\t<div class=\"elementor-element elementor-element-308d461 elementor-widget elementor-widget-image\" data-id=\"308d461\" data-element_type=\"widget\" data-e-type=\"widget\" data-widget_type=\"image.default\">\n\t\t\t\t<div class=\"elementor-widget-container\">\n\t\t\t\t\t\t\t\t\t\t\t\t\t\t\t<img loading=\"lazy\" decoding=\"async\" width=\"800\" height=\"534\" src=\"https:\/\/www.eteach-thueringen.de\/wp-content\/uploads\/2024\/11\/VCT-1024x684.jpg\" class=\"attachment-large size-large wp-image-12107\" alt=\"\" srcset=\"https:\/\/www.eteach-thueringen.de\/wp-content\/uploads\/2024\/11\/VCT-1024x684.jpg 1024w, https:\/\/www.eteach-thueringen.de\/wp-content\/uploads\/2024\/11\/VCT-300x200.jpg 300w, https:\/\/www.eteach-thueringen.de\/wp-content\/uploads\/2024\/11\/VCT-768x513.jpg 768w, https:\/\/www.eteach-thueringen.de\/wp-content\/uploads\/2024\/11\/VCT-391x260.jpg 391w, https:\/\/www.eteach-thueringen.de\/wp-content\/uploads\/2024\/11\/VCT-1536x1025.jpg 1536w, https:\/\/www.eteach-thueringen.de\/wp-content\/uploads\/2024\/11\/VCT-2048x1367.jpg 2048w, https:\/\/www.eteach-thueringen.de\/wp-content\/uploads\/2024\/11\/VCT-18x12.jpg 18w\" sizes=\"auto, (max-width: 800px) 100vw, 800px\" \/>\t\t\t\t\t\t\t\t\t\t\t\t\t\t\t<\/div>\n\t\t\t\t<\/div>\n\t\t\t\t<\/div>\n\t\t<div class=\"elementor-element elementor-element-09c7ba7 e-con-full e-flex e-con e-child\" data-id=\"09c7ba7\" data-element_type=\"container\" data-e-type=\"container\">\n\t\t\t\t<div class=\"elementor-element elementor-element-a156932 elementor-widget elementor-widget-heading\" data-id=\"a156932\" data-element_type=\"widget\" data-e-type=\"widget\" data-widget_type=\"heading.default\">\n\t\t\t\t<div class=\"elementor-widget-container\">\n\t\t\t\t\t<h2 class=\"elementor-heading-title elementor-size-default\"> Moodle courses for cross-university collaboration<\/h2>\t\t\t\t<\/div>\n\t\t\t\t<\/div>\n\t\t\t\t<div class=\"elementor-element elementor-element-8ef5d17 elementor-widget elementor-widget-text-editor\" data-id=\"8ef5d17\" data-element_type=\"widget\" data-e-type=\"widget\" data-widget_type=\"text-editor.default\">\n\t\t\t\t<div class=\"elementor-widget-container\">\n\t\t\t\t\t\t\t\t\t<h5><strong>Speakers:<\/strong>\u00a0Marius Knodel (Nordhausen University of Applied Sciences) and Jan Montag (Erfurt University of Applied Sciences)\u00a0<\/h5><h5><strong>Participation:<\/strong>\u00a0online via Big Blue Button or in person: Amalienstrasse 13, 99423 Weimar (Hybrid Learning Studio, ground floor)<\/h5>\t\t\t\t\t\t\t\t<\/div>\n\t\t\t\t<\/div>\n\t\t\t\t<\/div>\n\t\t\t\t\t<\/div>\n\t\t\t\t<\/div>\n\t\t<div class=\"elementor-element elementor-element-5e796f7 e-flex e-con-boxed e-con e-parent\" data-id=\"5e796f7\" data-element_type=\"container\" data-e-type=\"container\">\n\t\t\t\t\t<div class=\"e-con-inner\">\n\t\t\t\t<div class=\"elementor-element elementor-element-0a0ed2d elementor-widget elementor-widget-text-editor\" data-id=\"0a0ed2d\" data-element_type=\"widget\" data-e-type=\"widget\" data-widget_type=\"text-editor.default\">\n\t\t\t\t<div class=\"elementor-widget-container\">\n\t\t\t\t\t\t\t\t\t<div class=\"elementor-element elementor-element-60743891 e-flex e-con-boxed e-con e-parent e-lazyloaded\" data-id=\"60743891\" data-element_type=\"container\"><div class=\"e-con-inner\"><div class=\"elementor-element elementor-element-6c1f62dd e-con-full e-flex e-con e-child\" data-id=\"6c1f62dd\" data-element_type=\"container\"><div class=\"elementor-element elementor-element-34b10f3b elementor-widget elementor-widget-text-editor\" data-id=\"34b10f3b\" data-element_type=\"widget\" data-widget_type=\"text-editor.default\"><div class=\"elementor-widget-container\"><p>The\u00a0<a href=\"https:\/\/virtueller-campus-thueringen.de\/\"><strong>Virtual Campus Thuringia (VCT)<\/strong><\/a>\u00a0is a central platform for digital learning and teaching in Thuringia. It connects universities, teachers and students and offers a wide range of digital resources and tools to help shape contemporary higher education.\u00a0<\/p><p>The establishment of the Virtual Campus Thuringia (VCT) marks a significant milestone in the digital transformation of Thuringia's higher education landscape. The VCT is more than just a learning management system - it serves as a central initiative of the IT center of Thuringia's universities to provide public, cooperative and cross-university online courses.<\/p><p>In this impulse lecture, you will learn all about the strategic goals, the organizational structure and the versatile functions of the VCT.  It will show how teachers and students can efficiently integrate the system into their teaching and learning processes with practical insights into solving common challenges. New users in particular will receive valuable tips on how to use the system successfully.<\/p><p>There will also be time for an exchange of experiences and discussions about future developments and expansion options for the VCT. Bring your questions and let's explore the potential of the Virtual Campus Thuringia together.<\/p><p><strong>Target group<\/strong>Teachers, students and university staff who would like to get to know the Virtual Campus Thuringia or enter into an exchange with it.<\/p><p>The online event room will open approx. 15 minutes before the start of the event.<\/p><\/div><\/div><\/div><\/div><\/div>\t\t\t\t\t\t\t\t<\/div>\n\t\t\t\t<\/div>\n\t\t\t\t\t<\/div>\n\t\t\t\t<\/div>\n\t\t<div class=\"elementor-element elementor-element-02fcb5f e-flex e-con-boxed e-con e-parent\" data-id=\"02fcb5f\" data-element_type=\"container\" data-e-type=\"container\">\n\t\t\t\t\t<div class=\"e-con-inner\">\n\t\t\t\t<div class=\"elementor-element elementor-element-51cdae8 elementor-widget elementor-widget-button\" data-id=\"51cdae8\" data-element_type=\"widget\" data-e-type=\"widget\" data-widget_type=\"button.default\">\n\t\t\t\t<div class=\"elementor-widget-container\">\n\t\t\t\t\t\t\t\t\t<div class=\"elementor-button-wrapper\">\n\t\t\t\t\t<a class=\"elementor-button elementor-button-link elementor-size-sm\" href=\"https:\/\/meeting.uni-weimar.de\/b\/eli-fdv-kqm-bk0\">\n\t\t\t\t\t\t<span class=\"elementor-button-content-wrapper\">\n\t\t\t\t\t\t\t\t\t<span class=\"elementor-button-text\">Click here for the online room about Big Blue Button<\/span>\n\t\t\t\t\t<\/span>\n\t\t\t\t\t<\/a>\n\t\t\t\t<\/div>\n\t\t\t\t\t\t\t\t<\/div>\n\t\t\t\t<\/div>\n\t\t\t\t\t<\/div>\n\t\t\t\t<\/div>\n\t\t\t\t<\/div>","protected":false},"excerpt":{"rendered":"<p>Moodle-Kurse f\u00fcr eine hochschul\u00fcbergreifende Zusammenarbeit Referenten:\u00a0Marius Knodel (Hochschule Nordhausen) und Jan Montag (Fachhochschule Erfurt)\u00a0 Teilnahme:\u00a0online via Big-Blue-Button oder in Pr\u00e4senz: Amalienstra\u00dfe 13, 99423 Weimar (Hybrides Lernatelier, EG) Der\u00a0Virtuelle Campus Th\u00fcringen (VCT)\u00a0ist eine zentrale Plattform f\u00fcr digitales Lernen und Lehren in Th\u00fcringen. Er vernetzt Hochschulen, Lehrende und Studierende und bietet eine Vielzahl an digitalen Ressourcen und [&hellip;]<\/p>\n","protected":false},"author":15,"featured_media":0,"parent":0,"menu_order":0,"comment_status":"closed","ping_status":"closed","template":"","meta":{"footnotes":""},"class_list":["post-12167","page","type-page","status-publish","hentry"],"yoast_head":"<!-- This site is optimized with the Yoast SEO plugin v27.4 - https:\/\/yoast.com\/product\/yoast-seo-wordpress\/ -->\n<title>Talks@eTeach: Der Virtuelle Campus Th\u00fcringen - eTeach-Netzwerk Th\u00fcringen<\/title>\n<meta name=\"robots\" content=\"index, follow, max-snippet:-1, max-image-preview:large, max-video-preview:-1\" \/>\n<link rel=\"canonical\" href=\"https:\/\/www.eteach-thueringen.de\/en\/talkseteach-the-virtual-campus-thuringia\/\" \/>\n<meta property=\"og:locale\" content=\"en_US\" \/>\n<meta property=\"og:type\" content=\"article\" \/>\n<meta property=\"og:title\" content=\"Talks@eTeach: Der Virtuelle Campus Th\u00fcringen - eTeach-Netzwerk Th\u00fcringen\" \/>\n<meta property=\"og:description\" content=\"Moodle-Kurse f\u00fcr eine hochschul\u00fcbergreifende Zusammenarbeit Referenten:\u00a0Marius Knodel (Hochschule Nordhausen) und Jan Montag (Fachhochschule Erfurt)\u00a0 Teilnahme:\u00a0online via Big-Blue-Button oder in Pr\u00e4senz: Amalienstra\u00dfe 13, 99423 Weimar (Hybrides Lernatelier, EG) Der\u00a0Virtuelle Campus Th\u00fcringen (VCT)\u00a0ist eine zentrale Plattform f\u00fcr digitales Lernen und Lehren in Th\u00fcringen. Er vernetzt Hochschulen, Lehrende und Studierende und bietet eine Vielzahl an digitalen Ressourcen und [&hellip;]\" \/>\n<meta property=\"og:url\" content=\"https:\/\/www.eteach-thueringen.de\/en\/talkseteach-the-virtual-campus-thuringia\/\" \/>\n<meta property=\"og:site_name\" content=\"eTeach-Netzwerk Th\u00fcringen\" \/>\n<meta property=\"article:modified_time\" content=\"2024-11-25T15:26:25+00:00\" \/>\n<meta property=\"og:image\" content=\"https:\/\/www.eteach-thueringen.de\/wp-content\/uploads\/2024\/11\/VCT-scaled.jpg\" \/>\n\t<meta property=\"og:image:width\" content=\"2560\" \/>\n\t<meta property=\"og:image:height\" content=\"1709\" \/>\n\t<meta property=\"og:image:type\" content=\"image\/jpeg\" \/>\n<meta name=\"twitter:card\" content=\"summary_large_image\" \/>\n<meta name=\"twitter:label1\" content=\"Est. reading time\" \/>\n\t<meta name=\"twitter:data1\" content=\"3 minutes\" \/>\n<script type=\"application\/ld+json\" class=\"yoast-schema-graph\">{\"@context\":\"https:\\\/\\\/schema.org\",\"@graph\":[{\"@type\":\"WebPage\",\"@id\":\"https:\\\/\\\/www.eteach-thueringen.de\\\/talkseteach-der-virtuelle-campus-thueringen\\\/\",\"url\":\"https:\\\/\\\/www.eteach-thueringen.de\\\/talkseteach-der-virtuelle-campus-thueringen\\\/\",\"name\":\"Talks@eTeach: Der Virtuelle Campus Th\u00fcringen - eTeach-Netzwerk Th\u00fcringen\",\"isPartOf\":{\"@id\":\"https:\\\/\\\/www.eteach-thueringen.de\\\/#website\"},\"primaryImageOfPage\":{\"@id\":\"https:\\\/\\\/www.eteach-thueringen.de\\\/talkseteach-der-virtuelle-campus-thueringen\\\/#primaryimage\"},\"image\":{\"@id\":\"https:\\\/\\\/www.eteach-thueringen.de\\\/talkseteach-der-virtuelle-campus-thueringen\\\/#primaryimage\"},\"thumbnailUrl\":\"https:\\\/\\\/www.eteach-thueringen.de\\\/wp-content\\\/uploads\\\/2024\\\/11\\\/VCT-1024x684.jpg\",\"datePublished\":\"2024-11-25T15:22:03+00:00\",\"dateModified\":\"2024-11-25T15:26:25+00:00\",\"breadcrumb\":{\"@id\":\"https:\\\/\\\/www.eteach-thueringen.de\\\/talkseteach-der-virtuelle-campus-thueringen\\\/#breadcrumb\"},\"inLanguage\":\"en-US\",\"potentialAction\":[{\"@type\":\"ReadAction\",\"target\":[\"https:\\\/\\\/www.eteach-thueringen.de\\\/talkseteach-der-virtuelle-campus-thueringen\\\/\"]}]},{\"@type\":\"ImageObject\",\"inLanguage\":\"en-US\",\"@id\":\"https:\\\/\\\/www.eteach-thueringen.de\\\/talkseteach-der-virtuelle-campus-thueringen\\\/#primaryimage\",\"url\":\"https:\\\/\\\/www.eteach-thueringen.de\\\/wp-content\\\/uploads\\\/2024\\\/11\\\/VCT-1024x684.jpg\",\"contentUrl\":\"https:\\\/\\\/www.eteach-thueringen.de\\\/wp-content\\\/uploads\\\/2024\\\/11\\\/VCT-1024x684.jpg\"},{\"@type\":\"BreadcrumbList\",\"@id\":\"https:\\\/\\\/www.eteach-thueringen.de\\\/talkseteach-der-virtuelle-campus-thueringen\\\/#breadcrumb\",\"itemListElement\":[{\"@type\":\"ListItem\",\"position\":1,\"name\":\"Startseite\",\"item\":\"https:\\\/\\\/www.eteach-thueringen.de\\\/\"},{\"@type\":\"ListItem\",\"position\":2,\"name\":\"Talks@eTeach: Der Virtuelle Campus Th\u00fcringen\"}]},{\"@type\":\"WebSite\",\"@id\":\"https:\\\/\\\/www.eteach-thueringen.de\\\/#website\",\"url\":\"https:\\\/\\\/www.eteach-thueringen.de\\\/\",\"name\":\"eTeach-Netzwerk Th\u00fcringen\",\"description\":\"\",\"publisher\":{\"@id\":\"https:\\\/\\\/www.eteach-thueringen.de\\\/#organization\"},\"potentialAction\":[{\"@type\":\"SearchAction\",\"target\":{\"@type\":\"EntryPoint\",\"urlTemplate\":\"https:\\\/\\\/www.eteach-thueringen.de\\\/?s={search_term_string}\"},\"query-input\":{\"@type\":\"PropertyValueSpecification\",\"valueRequired\":true,\"valueName\":\"search_term_string\"}}],\"inLanguage\":\"en-US\"},{\"@type\":\"Organization\",\"@id\":\"https:\\\/\\\/www.eteach-thueringen.de\\\/#organization\",\"name\":\"eTeach-Netzwerk Th\u00fcringen\",\"url\":\"https:\\\/\\\/www.eteach-thueringen.de\\\/\",\"logo\":{\"@type\":\"ImageObject\",\"inLanguage\":\"en-US\",\"@id\":\"https:\\\/\\\/www.eteach-thueringen.de\\\/#\\\/schema\\\/logo\\\/image\\\/\",\"url\":\"https:\\\/\\\/www.eteach-thueringen.de\\\/wp-content\\\/uploads\\\/2023\\\/01\\\/eTeach_Logo_offblack_offwhite_rund.png\",\"contentUrl\":\"https:\\\/\\\/www.eteach-thueringen.de\\\/wp-content\\\/uploads\\\/2023\\\/01\\\/eTeach_Logo_offblack_offwhite_rund.png\",\"width\":1151,\"height\":1152,\"caption\":\"eTeach-Netzwerk Th\u00fcringen\"},\"image\":{\"@id\":\"https:\\\/\\\/www.eteach-thueringen.de\\\/#\\\/schema\\\/logo\\\/image\\\/\"},\"sameAs\":[\"https:\\\/\\\/www.instagram.com\\\/eteachnetzwerk.thueringen\\\/\",\"https:\\\/\\\/www.linkedin.com\\\/company\\\/eteach-netzwerk-thringen\\\/\"]}]}<\/script>\n<!-- \/ Yoast SEO plugin. -->","yoast_head_json":{"title":"Talks@eTeach: The Virtual Campus Thuringia - eTeach-Netzwerk Th\u00fcringen","robots":{"index":"index","follow":"follow","max-snippet":"max-snippet:-1","max-image-preview":"max-image-preview:large","max-video-preview":"max-video-preview:-1"},"canonical":"https:\/\/www.eteach-thueringen.de\/en\/talkseteach-the-virtual-campus-thuringia\/","og_locale":"en_US","og_type":"article","og_title":"Talks@eTeach: Der Virtuelle Campus Th\u00fcringen - eTeach-Netzwerk Th\u00fcringen","og_description":"Moodle-Kurse f\u00fcr eine hochschul\u00fcbergreifende Zusammenarbeit Referenten:\u00a0Marius Knodel (Hochschule Nordhausen) und Jan Montag (Fachhochschule Erfurt)\u00a0 Teilnahme:\u00a0online via Big-Blue-Button oder in Pr\u00e4senz: Amalienstra\u00dfe 13, 99423 Weimar (Hybrides Lernatelier, EG) Der\u00a0Virtuelle Campus Th\u00fcringen (VCT)\u00a0ist eine zentrale Plattform f\u00fcr digitales Lernen und Lehren in Th\u00fcringen. Er vernetzt Hochschulen, Lehrende und Studierende und bietet eine Vielzahl an digitalen Ressourcen und [&hellip;]","og_url":"https:\/\/www.eteach-thueringen.de\/en\/talkseteach-the-virtual-campus-thuringia\/","og_site_name":"eTeach-Netzwerk Th\u00fcringen","article_modified_time":"2024-11-25T15:26:25+00:00","og_image":[{"width":2560,"height":1709,"url":"https:\/\/www.eteach-thueringen.de\/wp-content\/uploads\/2024\/11\/VCT-scaled.jpg","type":"image\/jpeg"}],"twitter_card":"summary_large_image","twitter_misc":{"Est. reading time":"3 minutes"},"schema":{"@context":"https:\/\/schema.org","@graph":[{"@type":"WebPage","@id":"https:\/\/www.eteach-thueringen.de\/talkseteach-der-virtuelle-campus-thueringen\/","url":"https:\/\/www.eteach-thueringen.de\/talkseteach-der-virtuelle-campus-thueringen\/","name":"Talks@eTeach: The Virtual Campus Thuringia - eTeach-Netzwerk Th\u00fcringen","isPartOf":{"@id":"https:\/\/www.eteach-thueringen.de\/#website"},"primaryImageOfPage":{"@id":"https:\/\/www.eteach-thueringen.de\/talkseteach-der-virtuelle-campus-thueringen\/#primaryimage"},"image":{"@id":"https:\/\/www.eteach-thueringen.de\/talkseteach-der-virtuelle-campus-thueringen\/#primaryimage"},"thumbnailUrl":"https:\/\/www.eteach-thueringen.de\/wp-content\/uploads\/2024\/11\/VCT-1024x684.jpg","datePublished":"2024-11-25T15:22:03+00:00","dateModified":"2024-11-25T15:26:25+00:00","breadcrumb":{"@id":"https:\/\/www.eteach-thueringen.de\/talkseteach-der-virtuelle-campus-thueringen\/#breadcrumb"},"inLanguage":"en-US","potentialAction":[{"@type":"ReadAction","target":["https:\/\/www.eteach-thueringen.de\/talkseteach-der-virtuelle-campus-thueringen\/"]}]},{"@type":"ImageObject","inLanguage":"en-US","@id":"https:\/\/www.eteach-thueringen.de\/talkseteach-der-virtuelle-campus-thueringen\/#primaryimage","url":"https:\/\/www.eteach-thueringen.de\/wp-content\/uploads\/2024\/11\/VCT-1024x684.jpg","contentUrl":"https:\/\/www.eteach-thueringen.de\/wp-content\/uploads\/2024\/11\/VCT-1024x684.jpg"},{"@type":"BreadcrumbList","@id":"https:\/\/www.eteach-thueringen.de\/talkseteach-der-virtuelle-campus-thueringen\/#breadcrumb","itemListElement":[{"@type":"ListItem","position":1,"name":"Startseite","item":"https:\/\/www.eteach-thueringen.de\/"},{"@type":"ListItem","position":2,"name":"Talks@eTeach: Der Virtuelle Campus Th\u00fcringen"}]},{"@type":"WebSite","@id":"https:\/\/www.eteach-thueringen.de\/#website","url":"https:\/\/www.eteach-thueringen.de\/","name":"eTeach Network Thuringia","description":"","publisher":{"@id":"https:\/\/www.eteach-thueringen.de\/#organization"},"potentialAction":[{"@type":"SearchAction","target":{"@type":"EntryPoint","urlTemplate":"https:\/\/www.eteach-thueringen.de\/?s={search_term_string}"},"query-input":{"@type":"PropertyValueSpecification","valueRequired":true,"valueName":"search_term_string"}}],"inLanguage":"en-US"},{"@type":"Organization","@id":"https:\/\/www.eteach-thueringen.de\/#organization","name":"eTeach Network Thuringia","url":"https:\/\/www.eteach-thueringen.de\/","logo":{"@type":"ImageObject","inLanguage":"en-US","@id":"https:\/\/www.eteach-thueringen.de\/#\/schema\/logo\/image\/","url":"https:\/\/www.eteach-thueringen.de\/wp-content\/uploads\/2023\/01\/eTeach_Logo_offblack_offwhite_rund.png","contentUrl":"https:\/\/www.eteach-thueringen.de\/wp-content\/uploads\/2023\/01\/eTeach_Logo_offblack_offwhite_rund.png","width":1151,"height":1152,"caption":"eTeach-Netzwerk Th\u00fcringen"},"image":{"@id":"https:\/\/www.eteach-thueringen.de\/#\/schema\/logo\/image\/"},"sameAs":["https:\/\/www.instagram.com\/eteachnetzwerk.thueringen\/","https:\/\/www.linkedin.com\/company\/eteach-netzwerk-thringen\/"]}]}},"_links":{"self":[{"href":"https:\/\/www.eteach-thueringen.de\/en\/wp-json\/wp\/v2\/pages\/12167","targetHints":{"allow":["GET"]}}],"collection":[{"href":"https:\/\/www.eteach-thueringen.de\/en\/wp-json\/wp\/v2\/pages"}],"about":[{"href":"https:\/\/www.eteach-thueringen.de\/en\/wp-json\/wp\/v2\/types\/page"}],"author":[{"embeddable":true,"href":"https:\/\/www.eteach-thueringen.de\/en\/wp-json\/wp\/v2\/users\/15"}],"replies":[{"embeddable":true,"href":"https:\/\/www.eteach-thueringen.de\/en\/wp-json\/wp\/v2\/comments?post=12167"}],"version-history":[{"count":5,"href":"https:\/\/www.eteach-thueringen.de\/en\/wp-json\/wp\/v2\/pages\/12167\/revisions"}],"predecessor-version":[{"id":12175,"href":"https:\/\/www.eteach-thueringen.de\/en\/wp-json\/wp\/v2\/pages\/12167\/revisions\/12175"}],"wp:attachment":[{"href":"https:\/\/www.eteach-thueringen.de\/en\/wp-json\/wp\/v2\/media?parent=12167"}],"curies":[{"name":"wp","href":"https:\/\/api.w.org\/{rel}","templated":true}]}}